{"id":67,"date":"2026-03-10T09:31:50","date_gmt":"2026-03-10T08:31:50","guid":{"rendered":"https:\/\/staging.residencelepleiadi.it\/fr\/?page_id=67"},"modified":"2026-03-18T13:34:57","modified_gmt":"2026-03-18T12:34:57","slug":"appartements-sant-angelo-ischia","status":"publish","type":"page","link":"https:\/\/residencelepleiadi.it\/fr\/appartements-sant-angelo-ischia\/","title":{"rendered":"Appartements de Sant&rsquo;Angelo d&rsquo;Ischia"},"content":{"rendered":"\n<section class=\"wp-block-group alignfull orkestra-container has-global-padding is-layout-constrained wp-block-group-is-layout-constrained\" style=\"padding-top:var(--wp--preset--spacing--80);padding-bottom:var(--wp--preset--spacing--80)\">\n<div class=\"wp-block-group has-global-padding is-layout-constrained wp-block-group-is-layout-constrained\">\n<h2 class=\"wp-block-heading fade-in-down\">Les appartements Le Pleiadi de Sant\u2019Angelo sont situ\u00e9s dans la partie m\u00e9ridionale de l\u2019\u00eele d\u2019Ischia et ils profitent d\u2019une position privil\u00e9gi\u00e9e.<\/h2>\n<\/div>\n<\/section>\n\n\n\n<section class=\"wp-block-group alignfull fade-in has-background is-layout-flow wp-block-group-is-layout-flow\" style=\"background-color:#ffbb00c7;padding-top:0;padding-bottom:0\">\n<div class=\"wp-block-columns are-vertically-aligned-center is-layout-flex wp-container-core-columns-is-layout-9503679e wp-block-columns-is-layout-flex\">\n<div class=\"wp-block-column is-vertically-aligned-center is-layout-flow wp-block-column-is-layout-flow\" style=\"flex-basis:50%\">\n<div class=\"wp-block-group has-global-padding is-layout-constrained wp-container-core-group-is-layout-73405a87 wp-block-group-is-layout-constrained\">\n<figure class=\"wp-block-gallery has-nested-images columns-default is-cropped orkestra-gallery fade-in wp-block-gallery-1 is-layout-flex wp-block-gallery-is-layout-flex\">\n<figure class=\"wp-block-image size-large\"><a href=\"https:\/\/residencelepleiadi.it\/wp-content\/uploads\/RESIDENCE-LE-PLEIADI-Appartamenti-Sant-Angelo-ESTERNI-03.jpg\"><img decoding=\"async\" data-id=\"425\" src=\"https:\/\/residencelepleiadi.it\/wp-content\/uploads\/RESIDENCE-LE-PLEIADI-Appartamenti-Sant-Angelo-ESTERNI-03-1024x683.jpg\" alt=\"\" class=\"wp-image-425\" style=\"aspect-ratio:3\/2\"\/><\/a><\/figure>\n\n\n\n<figure class=\"wp-block-image size-large\"><a href=\"https:\/\/residencelepleiadi.it\/wp-content\/uploads\/RESIDENCE-LE-PLEIADI-Appartamenti-Sant-Angelo-ESTERNI-02.jpg\"><img decoding=\"async\" data-id=\"424\" src=\"https:\/\/residencelepleiadi.it\/wp-content\/uploads\/RESIDENCE-LE-PLEIADI-Appartamenti-Sant-Angelo-ESTERNI-02-1024x683.jpg\" alt=\"\" class=\"wp-image-424\" style=\"aspect-ratio:3\/2\"\/><\/a><\/figure>\n\n\n\n<figure class=\"wp-block-image size-large\"><a href=\"https:\/\/residencelepleiadi.it\/wp-content\/uploads\/RESIDENCE-LE-PLEIADI-Appartamenti-Sant-Angelo-ESTERNI-01.jpg\"><img decoding=\"async\" data-id=\"423\" src=\"https:\/\/residencelepleiadi.it\/wp-content\/uploads\/RESIDENCE-LE-PLEIADI-Appartamenti-Sant-Angelo-ESTERNI-01-1024x683.jpg\" alt=\"\" class=\"wp-image-423\" style=\"aspect-ratio:3\/2\"\/><\/a><\/figure>\n\n\n\n<figure class=\"wp-block-image size-large\"><a href=\"https:\/\/residencelepleiadi.it\/wp-content\/uploads\/RESIDENCE-LE-PLEIADI-Appartamenti-Sant-Angelo-ESTERNI-24.jpg\"><img decoding=\"async\" data-id=\"439\" src=\"https:\/\/residencelepleiadi.it\/wp-content\/uploads\/RESIDENCE-LE-PLEIADI-Appartamenti-Sant-Angelo-ESTERNI-24-1024x683.jpg\" alt=\"\" class=\"wp-image-439\" style=\"aspect-ratio:3\/2\"\/><\/a><\/figure>\n\n\n\n<figure class=\"wp-block-image size-large\"><a href=\"https:\/\/residencelepleiadi.it\/wp-content\/uploads\/RESIDENCE-LE-PLEIADI-Appartamenti-Sant-Angelo-ESTERNI-05.jpg\"><img decoding=\"async\" data-id=\"427\" src=\"https:\/\/residencelepleiadi.it\/wp-content\/uploads\/RESIDENCE-LE-PLEIADI-Appartamenti-Sant-Angelo-ESTERNI-05-1024x683.jpg\" alt=\"\" class=\"wp-image-427\" style=\"aspect-ratio:3\/2\"\/><\/a><\/figure>\n\n\n\n<figure class=\"wp-block-image size-large\"><a href=\"https:\/\/residencelepleiadi.it\/wp-content\/uploads\/RESIDENCE-LE-PLEIADI-Appartamenti-Sant-Angelo-ESTERNI-19.jpg\"><img decoding=\"async\" data-id=\"436\" src=\"https:\/\/residencelepleiadi.it\/wp-content\/uploads\/RESIDENCE-LE-PLEIADI-Appartamenti-Sant-Angelo-ESTERNI-19-1024x683.jpg\" alt=\"\" class=\"wp-image-436\" style=\"aspect-ratio:3\/2\"\/><\/a><\/figure>\n\n\n\n<figure class=\"wp-block-image size-large\"><a href=\"https:\/\/residencelepleiadi.it\/wp-content\/uploads\/RESIDENCE-LE-PLEIADI-Appartamenti-Sant-Angelo-ESTERNI-22.jpg\"><img decoding=\"async\" data-id=\"1023\" src=\"https:\/\/residencelepleiadi.it\/wp-content\/uploads\/RESIDENCE-LE-PLEIADI-Appartamenti-Sant-Angelo-ESTERNI-22-1024x683.jpg\" alt=\"\" class=\"wp-image-1023\" style=\"aspect-ratio:3\/2\"\/><\/a><\/figure>\n\n\n\n<figure class=\"wp-block-image size-large\"><a href=\"https:\/\/residencelepleiadi.it\/wp-content\/uploads\/RESIDENCE-LE-PLEIADI-Appartamenti-Sant-Angelo-ESTERNI-21.jpg\"><img decoding=\"async\" data-id=\"438\" src=\"https:\/\/residencelepleiadi.it\/wp-content\/uploads\/RESIDENCE-LE-PLEIADI-Appartamenti-Sant-Angelo-ESTERNI-21-1024x683.jpg\" alt=\"\" class=\"wp-image-438\" style=\"aspect-ratio:3\/2\"\/><\/a><\/figure>\n\n\n\n<figure class=\"wp-block-image size-large\"><a href=\"https:\/\/residencelepleiadi.it\/wp-content\/uploads\/RESIDENCE-LE-PLEIADI-Appartamenti-Sant-Angelo-ESTERNI-14.jpg\"><img decoding=\"async\" data-id=\"433\" src=\"https:\/\/residencelepleiadi.it\/wp-content\/uploads\/RESIDENCE-LE-PLEIADI-Appartamenti-Sant-Angelo-ESTERNI-14-1024x683.jpg\" alt=\"\" class=\"wp-image-433\" style=\"aspect-ratio:3\/2\"\/><\/a><\/figure>\n\n\n\n<figure class=\"wp-block-image size-large\"><a href=\"https:\/\/residencelepleiadi.it\/wp-content\/uploads\/RESIDENCE-LE-PLEIADI-Appartamenti-Sant-Angelo-ESTERNI-11.jpg\"><img decoding=\"async\" data-id=\"431\" src=\"https:\/\/residencelepleiadi.it\/wp-content\/uploads\/RESIDENCE-LE-PLEIADI-Appartamenti-Sant-Angelo-ESTERNI-11-1024x683.jpg\" alt=\"\" class=\"wp-image-431\" style=\"aspect-ratio:3\/2\"\/><\/a><\/figure>\n\n\n\n<figure class=\"wp-block-image size-large\"><a href=\"https:\/\/residencelepleiadi.it\/wp-content\/uploads\/RESIDENCE-LE-PLEIADI-Appartamenti-Sant-Angelo-ESTERNI-06.jpg\"><img decoding=\"async\" data-id=\"428\" src=\"https:\/\/residencelepleiadi.it\/wp-content\/uploads\/RESIDENCE-LE-PLEIADI-Appartamenti-Sant-Angelo-ESTERNI-06-1024x683.jpg\" alt=\"\" class=\"wp-image-428\" style=\"aspect-ratio:3\/2\"\/><\/a><\/figure>\n\n\n\n<figure class=\"wp-block-image size-large\"><a href=\"https:\/\/residencelepleiadi.it\/wp-content\/uploads\/RESIDENCE-LE-PLEIADI-Appartamenti-Sant-Angelo-ESTERNI-15.jpg\"><img decoding=\"async\" data-id=\"434\" src=\"https:\/\/residencelepleiadi.it\/wp-content\/uploads\/RESIDENCE-LE-PLEIADI-Appartamenti-Sant-Angelo-ESTERNI-15-1024x683.jpg\" alt=\"\" class=\"wp-image-434\" style=\"aspect-ratio:3\/2\"\/><\/a><\/figure>\n\n\n\n<figure class=\"wp-block-image size-large\"><a href=\"https:\/\/residencelepleiadi.it\/wp-content\/uploads\/RESIDENCE-LE-PLEIADI-Appartamenti-Sant-Angelo-ESTERNI-17.jpg\"><img decoding=\"async\" data-id=\"435\" src=\"https:\/\/residencelepleiadi.it\/wp-content\/uploads\/RESIDENCE-LE-PLEIADI-Appartamenti-Sant-Angelo-ESTERNI-17-1024x683.jpg\" alt=\"\" class=\"wp-image-435\" style=\"aspect-ratio:3\/2\"\/><\/a><\/figure>\n\n\n\n<figure class=\"wp-block-image size-large\"><a href=\"https:\/\/residencelepleiadi.it\/wp-content\/uploads\/RESIDENCE-LE-PLEIADI-Appartamenti-Sant-Angelo-ESTERNI-08.jpg\"><img decoding=\"async\" data-id=\"430\" src=\"https:\/\/residencelepleiadi.it\/wp-content\/uploads\/RESIDENCE-LE-PLEIADI-Appartamenti-Sant-Angelo-ESTERNI-08-1024x683.jpg\" alt=\"\" class=\"wp-image-430\" style=\"aspect-ratio:3\/2\"\/><\/a><\/figure>\n\n\n\n<figure class=\"wp-block-image size-large\"><a href=\"https:\/\/residencelepleiadi.it\/wp-content\/uploads\/RESIDENCE-LE-PLEIADI-Appartamenti-Sant-Angelo-ESTERNI-09.jpg\"><img decoding=\"async\" data-id=\"1024\" src=\"https:\/\/residencelepleiadi.it\/wp-content\/uploads\/RESIDENCE-LE-PLEIADI-Appartamenti-Sant-Angelo-ESTERNI-09-1024x683.jpg\" alt=\"\" class=\"wp-image-1024\" style=\"aspect-ratio:3\/2\"\/><\/a><\/figure>\n\n\n\n<figure class=\"wp-block-image size-large\"><a href=\"https:\/\/residencelepleiadi.it\/wp-content\/uploads\/RESIDENCE-LE-PLEIADI-Appartamenti-Sant-Angelo-ESTERNI-10.jpg\"><img decoding=\"async\" data-id=\"1025\" src=\"https:\/\/residencelepleiadi.it\/wp-content\/uploads\/RESIDENCE-LE-PLEIADI-Appartamenti-Sant-Angelo-ESTERNI-10-1024x683.jpg\" alt=\"\" class=\"wp-image-1025\" style=\"aspect-ratio:3\/2\"\/><\/a><\/figure>\n\n\n\n<figure class=\"wp-block-image size-large\"><a href=\"https:\/\/residencelepleiadi.it\/wp-content\/uploads\/RESIDENCE-LE-PLEIADI-Appartamenti-Sant-Angelo-ESTERNI-13.jpg\"><img decoding=\"async\" data-id=\"432\" src=\"https:\/\/residencelepleiadi.it\/wp-content\/uploads\/RESIDENCE-LE-PLEIADI-Appartamenti-Sant-Angelo-ESTERNI-13-1024x683.jpg\" alt=\"\" class=\"wp-image-432\" style=\"aspect-ratio:3\/2\"\/><\/a><\/figure>\n<\/figure>\n<\/div>\n<\/div>\n\n\n\n<div class=\"wp-block-column is-vertically-aligned-center is-layout-flow wp-block-column-is-layout-flow\" style=\"padding-top:30px;padding-right:30px;padding-bottom:30px;padding-left:30px;flex-basis:50%\">\n<div class=\"wp-block-group has-global-padding is-layout-constrained wp-block-group-is-layout-constrained\">\n<p class=\"fade-in-down has-medium-font-size\">Avec son b\u00e2ti se termine le petit village de Sant\u2019Angelo et commence la plage reliant Sant\u2019Angelo avec un \u00eelot qui prend le nom de \u00ab la Torre \u00bb. Les terrasses surplombent la plage ont en face la mer dans toute son immensit\u00e9.<\/p>\n\n\n\n<p class=\"fade-in-down has-medium-font-size\">L\u2019orientation des diff\u00e9rents chambres, de l\u2019 est au sud jusqu\u2019\u00e0 l\u2019ouest, garantie une grande luminosit\u00e9 du matin jusqu&rsquo;au soir. Les appartements qui regardant \u00e0 l\u2019ouest profitent de couches de soleil aux couleurs tr\u00e8s vives.<\/p>\n<\/div>\n<\/div>\n<\/div>\n<\/section>\n\n\n\n<section class=\"wp-block-group alignfull orkestra-container has-global-padding is-layout-constrained wp-block-group-is-layout-constrained\" style=\"padding-top:var(--wp--preset--spacing--80);padding-bottom:var(--wp--preset--spacing--80)\">\n<div class=\"wp-block-group has-global-padding is-layout-constrained wp-block-group-is-layout-constrained\">\n<p class=\"fade-in-down\">L\u2019 architecture des appartements est fidele aux formes simples et deux de la tradition m\u00e9diterran\u00e9enne. Ils sont am\u00e9nag\u00e9s d\u2019 une fa\u00e7on fonctionnel, sans les d\u00e9cors qui pourraient constituer une distraction \u00e0 la vue des \u00e9l\u00e9ments qui les entoure : la mer, le vent, le ciel et le soleil.\u00a0<\/p>\n\n\n\n<p class=\"fade-in-down\">Le village de Sant\u2019Angelo c\u2019est la v\u00e9ritable perle d\u2019 Ischia. Ce qui le rend unique sont les traditionnelles maison des p\u00e9cheurs, la \u00ab Piazzetta \u00bb avec ses restaurant gourmands et des \u00e9l\u00e9gantes boutiques, le silence absolu pour l\u2019absence de voitures ou scooters qui sont interdits \u00e0 la circulation. Le \u00ab Porticciolo \u00bb, le petit port, h\u00e9berge les bateaux des locaux. Sur ses berges, le matin, il est possible d\u2019acheter des poissons qui viennent juste de sortir de l\u2019eau. Les deux plages, d\u2019une c\u00f4t\u00e9 et d\u2019autre du chemin entre l\u2019 \u00eelot et la \u00ab Torre \u00bb, font de cadre \u00e0 Sant\u2019Angelo.<\/p>\n\n\n\n<p class=\"fade-in-down\">Le centre du village, la Piazzetta c\u2019est le point de d\u00e9part des rouelles qui grimpent vers la colline o\u00f9 se situe l\u2019ancienne \u00e9glise de San Michele et qui, ensuit, am\u00e8nent \u00e0 la page de \u00ab Maronti \u00bb en profitant de vues impressionnantes sur la mer.<\/p>\n\n\n\n<p class=\"fade-in-down\"><strong>Nous informons notre aimable client\u00e8le que les animaux de compagnie ne sont pas admis dans notre \u00e9tablissement.<\/strong><\/p>\n<\/div>\n<\/section>\n\n\n\n<section class=\"wp-block-group alignfull orkestra-container has-global-padding is-layout-constrained wp-container-core-group-is-layout-4d69848d wp-block-group-is-layout-constrained\" style=\"padding-top:var(--wp--preset--spacing--80);padding-bottom:var(--wp--preset--spacing--80)\">\n<h3 class=\"wp-block-heading has-text-align-center fade-in-down has-fraunces-font-family has-x-large-font-size\" style=\"margin-top:0;margin-right:0;margin-bottom:0;margin-left:0\">Appartements<\/h3>\n\n\n\n<div class=\"wp-block-query is-layout-flow wp-block-query-is-layout-flow\"><ul style=\"padding-top:var(--wp--preset--spacing--60);padding-bottom:var(--wp--preset--spacing--60);\" class=\"fade-in-down wp-block-post-template is-layout-grid wp-container-core-post-template-is-layout-3d79fbe4 wp-block-post-template-is-layout-grid\"><li class=\"wp-block-post post-73 page type-page status-publish has-post-thumbnail hentry\">\n\n<div class=\"wp-block-group is-vertical is-layout-flex wp-container-core-group-is-layout-52af95e6 wp-block-group-is-layout-flex\" style=\"padding-top:0;padding-right:0;padding-bottom:0;padding-left:0\"><figure style=\"aspect-ratio:1;\" class=\"wp-block-post-featured-image\"><a href=\"https:\/\/residencelepleiadi.it\/fr\/appartements-sant-angelo-ischia\/appartements-deux-piece-sant-angelo\/\" target=\"_self\"  ><img loading=\"lazy\" decoding=\"async\" width=\"1920\" height=\"1272\" src=\"https:\/\/residencelepleiadi.it\/fr\/wp-content\/uploads\/sites\/4\/2026\/03\/RESIDENCE-LE-PLEIADI-Appartamenti-Sant-Angelo-MAESTRALE-02.jpg\" class=\"attachment-post-thumbnail size-post-thumbnail wp-post-image\" alt=\"Appartements Deux Pi\u00e8ces \u00e0 Sant\u2019Angelo d\u2019Ischia\" style=\"width:100%;height:100%;object-fit:cover;\" srcset=\"https:\/\/residencelepleiadi.it\/fr\/wp-content\/uploads\/sites\/4\/2026\/03\/RESIDENCE-LE-PLEIADI-Appartamenti-Sant-Angelo-MAESTRALE-02.jpg 1920w, https:\/\/residencelepleiadi.it\/fr\/wp-content\/uploads\/sites\/4\/2026\/03\/RESIDENCE-LE-PLEIADI-Appartamenti-Sant-Angelo-MAESTRALE-02-300x199.jpg 300w, https:\/\/residencelepleiadi.it\/fr\/wp-content\/uploads\/sites\/4\/2026\/03\/RESIDENCE-LE-PLEIADI-Appartamenti-Sant-Angelo-MAESTRALE-02-1024x678.jpg 1024w, https:\/\/residencelepleiadi.it\/fr\/wp-content\/uploads\/sites\/4\/2026\/03\/RESIDENCE-LE-PLEIADI-Appartamenti-Sant-Angelo-MAESTRALE-02-768x509.jpg 768w, https:\/\/residencelepleiadi.it\/fr\/wp-content\/uploads\/sites\/4\/2026\/03\/RESIDENCE-LE-PLEIADI-Appartamenti-Sant-Angelo-MAESTRALE-02-1536x1018.jpg 1536w\" sizes=\"auto, (max-width: 1920px) 100vw, 1920px\" \/><\/a><\/figure>\n\n\n<div class=\"wp-block-group has-global-padding is-layout-constrained wp-block-group-is-layout-constrained\"><h3 class=\"wp-block-post-title has-medium-font-size\"><a href=\"https:\/\/residencelepleiadi.it\/fr\/appartements-sant-angelo-ischia\/appartements-deux-piece-sant-angelo\/\" target=\"_self\" >Appartements Deux Pi\u00e8ces \u00e0 Sant\u2019Angelo d\u2019Ischia<\/a><\/h3>\n\n<div class=\"wp-block-post-excerpt has-custom-1-font-size\"><p class=\"wp-block-post-excerpt__excerpt\">Nos appartements deux pi\u00e8ces \u00e0 Sant&rsquo;Angelo d&rsquo;Ischia, pouvant accueillir quatre personnes <\/p><\/div><\/div>\n<\/div>\n\n<\/li><li class=\"wp-block-post post-85 page type-page status-publish has-post-thumbnail hentry\">\n\n<div class=\"wp-block-group is-vertical is-layout-flex wp-container-core-group-is-layout-52af95e6 wp-block-group-is-layout-flex\" style=\"padding-top:0;padding-right:0;padding-bottom:0;padding-left:0\"><figure style=\"aspect-ratio:1;\" class=\"wp-block-post-featured-image\"><a href=\"https:\/\/residencelepleiadi.it\/fr\/appartements-sant-angelo-ischia\/appartements-une-piece-sant-angelo\/\" target=\"_self\"  ><img loading=\"lazy\" decoding=\"async\" width=\"1920\" height=\"1280\" src=\"https:\/\/residencelepleiadi.it\/fr\/wp-content\/uploads\/sites\/4\/2026\/03\/RESIDENCE-LE-PLEIADI-Appartamenti-Sant-Angelo-SCIROCCO-01.jpg\" class=\"attachment-post-thumbnail size-post-thumbnail wp-post-image\" alt=\"Studios \u00e0 Sant&rsquo;Angelo d&rsquo;Ischia\" style=\"width:100%;height:100%;object-fit:cover;\" srcset=\"https:\/\/residencelepleiadi.it\/fr\/wp-content\/uploads\/sites\/4\/2026\/03\/RESIDENCE-LE-PLEIADI-Appartamenti-Sant-Angelo-SCIROCCO-01.jpg 1920w, https:\/\/residencelepleiadi.it\/fr\/wp-content\/uploads\/sites\/4\/2026\/03\/RESIDENCE-LE-PLEIADI-Appartamenti-Sant-Angelo-SCIROCCO-01-300x200.jpg 300w, https:\/\/residencelepleiadi.it\/fr\/wp-content\/uploads\/sites\/4\/2026\/03\/RESIDENCE-LE-PLEIADI-Appartamenti-Sant-Angelo-SCIROCCO-01-1024x683.jpg 1024w, https:\/\/residencelepleiadi.it\/fr\/wp-content\/uploads\/sites\/4\/2026\/03\/RESIDENCE-LE-PLEIADI-Appartamenti-Sant-Angelo-SCIROCCO-01-768x512.jpg 768w, https:\/\/residencelepleiadi.it\/fr\/wp-content\/uploads\/sites\/4\/2026\/03\/RESIDENCE-LE-PLEIADI-Appartamenti-Sant-Angelo-SCIROCCO-01-1536x1024.jpg 1536w\" sizes=\"auto, (max-width: 1920px) 100vw, 1920px\" \/><\/a><\/figure>\n\n\n<div class=\"wp-block-group has-global-padding is-layout-constrained wp-block-group-is-layout-constrained\"><h3 class=\"wp-block-post-title has-medium-font-size\"><a href=\"https:\/\/residencelepleiadi.it\/fr\/appartements-sant-angelo-ischia\/appartements-une-piece-sant-angelo\/\" target=\"_self\" >Studios \u00e0 Sant&rsquo;Angelo d&rsquo;Ischia<\/a><\/h3>\n\n<div class=\"wp-block-post-excerpt has-custom-1-font-size\"><p class=\"wp-block-post-excerpt__excerpt\">Les studios \u00e0 Sant&rsquo;Angelo d&rsquo;Ischia, pour deux ou trois personnes, disposent d\u2019un coin avec lit \u00e0 deux places <\/p><\/div><\/div>\n<\/div>\n\n<\/li><li class=\"wp-block-post post-93 page type-page status-publish has-post-thumbnail hentry\">\n\n<div class=\"wp-block-group is-vertical is-layout-flex wp-container-core-group-is-layout-52af95e6 wp-block-group-is-layout-flex\" style=\"padding-top:0;padding-right:0;padding-bottom:0;padding-left:0\"><figure style=\"aspect-ratio:1;\" class=\"wp-block-post-featured-image\"><a href=\"https:\/\/residencelepleiadi.it\/fr\/appartements-sant-angelo-ischia\/appartements-trois-piece-sant-angelo\/\" target=\"_self\"  ><img loading=\"lazy\" decoding=\"async\" width=\"1920\" height=\"1280\" src=\"https:\/\/residencelepleiadi.it\/fr\/wp-content\/uploads\/sites\/4\/2026\/03\/RESIDENCE-LE-PLEIADI-Appartamenti-Sant-Angelo-LIBECCIO-22.jpg\" class=\"attachment-post-thumbnail size-post-thumbnail wp-post-image\" alt=\"Appartements Trois-Pi\u00e8ces \u00e0 Sant\u2019Angelo d\u2019Ischia\" style=\"width:100%;height:100%;object-fit:cover;\" srcset=\"https:\/\/residencelepleiadi.it\/fr\/wp-content\/uploads\/sites\/4\/2026\/03\/RESIDENCE-LE-PLEIADI-Appartamenti-Sant-Angelo-LIBECCIO-22.jpg 1920w, https:\/\/residencelepleiadi.it\/fr\/wp-content\/uploads\/sites\/4\/2026\/03\/RESIDENCE-LE-PLEIADI-Appartamenti-Sant-Angelo-LIBECCIO-22-300x200.jpg 300w, https:\/\/residencelepleiadi.it\/fr\/wp-content\/uploads\/sites\/4\/2026\/03\/RESIDENCE-LE-PLEIADI-Appartamenti-Sant-Angelo-LIBECCIO-22-1024x683.jpg 1024w, https:\/\/residencelepleiadi.it\/fr\/wp-content\/uploads\/sites\/4\/2026\/03\/RESIDENCE-LE-PLEIADI-Appartamenti-Sant-Angelo-LIBECCIO-22-768x512.jpg 768w, https:\/\/residencelepleiadi.it\/fr\/wp-content\/uploads\/sites\/4\/2026\/03\/RESIDENCE-LE-PLEIADI-Appartamenti-Sant-Angelo-LIBECCIO-22-1536x1024.jpg 1536w\" sizes=\"auto, (max-width: 1920px) 100vw, 1920px\" \/><\/a><\/figure>\n\n\n<div class=\"wp-block-group has-global-padding is-layout-constrained wp-block-group-is-layout-constrained\"><h3 class=\"wp-block-post-title has-medium-font-size\"><a href=\"https:\/\/residencelepleiadi.it\/fr\/appartements-sant-angelo-ischia\/appartements-trois-piece-sant-angelo\/\" target=\"_self\" >Appartements Trois-Pi\u00e8ces \u00e0 Sant\u2019Angelo d\u2019Ischia<\/a><\/h3>\n\n<div class=\"wp-block-post-excerpt has-custom-1-font-size\"><p class=\"wp-block-post-excerpt__excerpt\">Les appartements ont \u00e9t\u00e9 r\u00e9alis\u00e9s r\u00e9cemment par la mise en valeur et la restructuration d&rsquo;un immeuble ancien <\/p><\/div><\/div>\n<\/div>\n\n<\/li><\/ul>\n\n<\/div>\n<\/section>\n","protected":false},"excerpt":{"rendered":"<p>Les appartements Le Pleiadi de Sant\u2019Angelo sont situ\u00e9s dans la partie m\u00e9ridionale de l\u2019\u00eele d\u2019Ischia et ils profitent d\u2019une position privil\u00e9gi\u00e9e.<\/p>\n","protected":false},"author":1,"featured_media":221,"parent":0,"menu_order":0,"comment_status":"closed","ping_status":"closed","template":"","meta":{"footnotes":""},"class_list":["post-67","page","type-page","status-publish","has-post-thumbnail","hentry"],"_links":{"self":[{"href":"https:\/\/residencelepleiadi.it\/fr\/wp-json\/wp\/v2\/pages\/67","targetHints":{"allow":["GET"]}}],"collection":[{"href":"https:\/\/residencelepleiadi.it\/fr\/wp-json\/wp\/v2\/pages"}],"about":[{"href":"https:\/\/residencelepleiadi.it\/fr\/wp-json\/wp\/v2\/types\/page"}],"author":[{"embeddable":true,"href":"https:\/\/residencelepleiadi.it\/fr\/wp-json\/wp\/v2\/users\/1"}],"replies":[{"embeddable":true,"href":"https:\/\/residencelepleiadi.it\/fr\/wp-json\/wp\/v2\/comments?post=67"}],"version-history":[{"count":3,"href":"https:\/\/residencelepleiadi.it\/fr\/wp-json\/wp\/v2\/pages\/67\/revisions"}],"predecessor-version":[{"id":167,"href":"https:\/\/residencelepleiadi.it\/fr\/wp-json\/wp\/v2\/pages\/67\/revisions\/167"}],"wp:featuredmedia":[{"embeddable":true,"href":"https:\/\/residencelepleiadi.it\/fr\/wp-json\/wp\/v2\/media\/221"}],"wp:attachment":[{"href":"https:\/\/residencelepleiadi.it\/fr\/wp-json\/wp\/v2\/media?parent=67"}],"curies":[{"name":"wp","href":"https:\/\/api.w.org\/{rel}","templated":true}]}}