{"id":10,"date":"2026-03-09T12:54:36","date_gmt":"2026-03-09T11:54:36","guid":{"rendered":"https:\/\/staging.residencelepleiadi.it\/fr\/?page_id=10"},"modified":"2026-03-25T14:09:05","modified_gmt":"2026-03-25T13:09:05","slug":"home","status":"publish","type":"page","link":"https:\/\/residencelepleiadi.it\/fr\/","title":{"rendered":"Home"},"content":{"rendered":"\n<div class=\"wp-block-cover alignfull fade-in\" style=\"min-height:100vh;aspect-ratio:unset;\"><img decoding=\"async\" class=\"wp-block-cover__image-background wp-image-424 size-full\" alt=\"\" src=\"https:\/\/residencelepleiadi.it\/wp-content\/uploads\/RESIDENCE-LE-PLEIADI-Appartamenti-Sant-Angelo-ESTERNI-02.jpg\" data-object-fit=\"cover\"\/><span aria-hidden=\"true\" class=\"wp-block-cover__background has-sussidiary-background-color has-background-dim-40 has-background-dim\"><\/span><div class=\"wp-block-cover__inner-container has-global-padding is-layout-constrained wp-block-cover-is-layout-constrained\">\n<div class=\"wp-block-group has-global-padding is-layout-constrained wp-container-core-group-is-layout-19e250f3 wp-block-group-is-layout-constrained\">\n<h1 class=\"wp-block-heading has-text-align-center fade-in-up\">Residence Le Pleiadi<\/h1>\n\n\n\n<h2 class=\"wp-block-heading has-text-align-center fade-in-down\">Bienvenue<\/h2>\n<\/div>\n<\/div><\/div>\n\n\n\n<section class=\"wp-block-group alignfull orkestra-container has-global-padding is-layout-constrained wp-container-core-group-is-layout-4d69848d wp-block-group-is-layout-constrained\" style=\"padding-top:var(--wp--preset--spacing--80);padding-bottom:var(--wp--preset--spacing--80)\">\n<h2 class=\"wp-block-heading has-text-align-center fade-in-down has-bodoni-moda-font-family has-x-large-font-size\" style=\"margin-top:0;margin-right:0;margin-bottom:0;margin-left:0;padding-right:var(--wp--preset--spacing--40);padding-left:var(--wp--preset--spacing--40)\">Appartements Le Pleiadi<\/h2>\n\n\n\n<div class=\"wp-block-group is-layout-grid wp-container-core-group-is-layout-9c78db72 wp-block-group-is-layout-grid\">\n<div class=\"wp-block-group has-global-padding is-layout-constrained wp-container-core-group-is-layout-d3543a3b wp-block-group-is-layout-constrained\">\n<figure class=\"wp-block-image size-large fade-in-down\"><a href=\"https:\/\/residencelepleiadi.it\/fr\/appartements-sant-angelo-ischia\/\"><img decoding=\"async\" src=\"https:\/\/residencelepleiadi.it\/wp-content\/uploads\/RESIDENCE-LE-PLEIADI-Appartamenti-Sant-Angelo-ESTERNI-03-1024x683.jpg\" alt=\"\" class=\"wp-image-425\" style=\"aspect-ratio:3\/2;object-fit:cover\"\/><\/a><\/figure>\n\n\n\n<div class=\"wp-block-group fade-in-down has-global-padding is-layout-constrained wp-container-core-group-is-layout-19e250f3 wp-block-group-is-layout-constrained\">\n<h3 class=\"wp-block-heading\"><a href=\"https:\/\/residencelepleiadi.it\/fr\/appartements-sant-angelo-ischia\/\" data-type=\"link\" data-id=\"https:\/\/residencelepleiadi.it\/fr\/appartements-sant-angelo-ischia\/\">Sant&rsquo;Angelo sur la mer<\/a><\/h3>\n\n\n\n<p>Les appartements Le Pleiadi de Sant\u2019Angelo sont situ\u00e9s dans la partie m\u00e9ridionale de l\u2019\u00eele d\u2019Ischia et ils profitent d\u2019une position privil\u00e9gi\u00e9e.<\/p>\n<\/div>\n\n\n\n<div class=\"wp-block-buttons fade-in-down is-layout-flex wp-block-buttons-is-layout-flex\">\n<div class=\"wp-block-button\"><a class=\"wp-block-button__link wp-element-button\" href=\"https:\/\/residencelepleiadi.it\/fr\/appartements-sant-angelo-ischia\/\">En savoir plus<\/a><\/div>\n<\/div>\n<\/div>\n\n\n\n<div class=\"wp-block-group has-global-padding is-layout-constrained wp-container-core-group-is-layout-d3543a3b wp-block-group-is-layout-constrained\">\n<figure class=\"wp-block-image size-large fade-in-down\"><a href=\"https:\/\/residencelepleiadi.it\/fr\/appartements-succhivo-ischia\/\"><img decoding=\"async\" src=\"https:\/\/residencelepleiadi.it\/wp-content\/uploads\/RESIDENCE-LE-PLEIADI-Appartamenti-Succhivo-PISCINA-12-1024x657.jpg\" alt=\"\" class=\"wp-image-467\" style=\"aspect-ratio:3\/2;object-fit:cover\"\/><\/a><\/figure>\n\n\n\n<div class=\"wp-block-group fade-in-down has-global-padding is-layout-constrained wp-container-core-group-is-layout-19e250f3 wp-block-group-is-layout-constrained\">\n<h3 class=\"wp-block-heading\"><a href=\"https:\/\/residencelepleiadi.it\/fr\/appartements-succhivo-ischia\/\" data-type=\"link\" data-id=\"https:\/\/residencelepleiadi.it\/fr\/appartements-succhivo-ischia\/\">Succhivo dans la Nature<\/a><\/h3>\n\n\n\n<p>Les appartements Le Pleiadi de Succhivo se situent dans un ancien jardin d\u2019arbres d\u2019oranges et citrons et sont entour\u00e9s de vignes et d\u2019une v\u00e9g\u00e9tation luxuriante.<\/p>\n<\/div>\n\n\n\n<div class=\"wp-block-buttons fade-in-down is-layout-flex wp-block-buttons-is-layout-flex\">\n<div class=\"wp-block-button\"><a class=\"wp-block-button__link wp-element-button\" href=\"https:\/\/residencelepleiadi.it\/fr\/appartements-succhivo-ischia\/\">En savoir plus<\/a><\/div>\n<\/div>\n<\/div>\n<\/div>\n<\/section>\n\n\n\n<section class=\"wp-block-group alignfull fade-in has-primary-background-color has-background has-global-padding is-content-justification-left is-layout-constrained wp-container-core-group-is-layout-16a8afda wp-block-group-is-layout-constrained\" style=\"padding-top:0;padding-bottom:0\">\n<div class=\"wp-block-columns alignfull are-vertically-aligned-center is-layout-flex wp-container-core-columns-is-layout-a8a33b23 wp-block-columns-is-layout-flex\" style=\"padding-top:0;padding-bottom:0\">\n<div class=\"wp-block-column is-vertically-aligned-center is-layout-flow wp-block-column-is-layout-flow\" style=\"flex-basis:50%\">\n<div class=\"videoWrapper\"><iframe loading=\"lazy\" width=\"560\" height=\"315\" src=\"https:\/\/www.youtube.com\/embed\/Lfww2eVN6rk?si=HkgKN_sZD6nKPBEq\" title=\"YouTube video player\" frameborder=\"0\" allow=\"accelerometer; autoplay; clipboard-write; encrypted-media; gyroscope; picture-in-picture; web-share\" referrerpolicy=\"strict-origin-when-cross-origin\" allowfullscreen><\/iframe><\/div>\n<\/div>\n\n\n\n<div class=\"wp-block-column is-vertically-aligned-center is-layout-flow wp-container-core-column-is-layout-a992d517 wp-block-column-is-layout-flow\" style=\"padding-top:var(--wp--preset--spacing--60);padding-right:var(--wp--preset--spacing--60);padding-bottom:var(--wp--preset--spacing--60);padding-left:var(--wp--preset--spacing--60)\">\n<h3 class=\"wp-block-heading\">Les jours du village au bord de la mer<\/h3>\n\n\n\n<p class=\"has-medium-font-size\">Une pi\u00e8ce compos\u00e9e pour une bande originale, alors que j&rsquo;\u00e9tais encore \u00e9tudiant en composition, en pensant aux premi\u00e8res sensations de mon enfance.<\/p>\n\n\n\n<p class=\"has-medium-font-size\">Et aux images tourn\u00e9es par mon p\u00e8re au d\u00e9but des ann\u00e9es 70 avec une Super 8 classique, qui d\u00e9peignent un lieu de m\u00e9moire, que je n&rsquo;ai jamais retrouv\u00e9.<\/p>\n<\/div>\n<\/div>\n<\/section>\n\n\n\n<!-- Elfsight All-in-One Reviews | Pleiadi -->\n<script src=\"https:\/\/elfsightcdn.com\/platform.js\" async><\/script>\n<div class=\"elfsight-app-e280f478-f841-44f3-9017-863f64a6bdef\" data-elfsight-app-lazy><\/div>\n","protected":false},"excerpt":{"rendered":"<p>Les jours du village au bord de la mer Une pi\u00e8ce compos\u00e9e pour une bande originale, alors que j&rsquo;\u00e9tais encore \u00e9tudiant en composition, en pensant aux premi\u00e8res sensations de mon enfance. Et aux images tourn\u00e9es par mon p\u00e8re au d\u00e9but des ann\u00e9es 70 avec une Super 8 classique, qui d\u00e9peignent un lieu de m\u00e9moire, que [&hellip;]<\/p>\n","protected":false},"author":1,"featured_media":0,"parent":0,"menu_order":0,"comment_status":"closed","ping_status":"closed","template":"","meta":{"footnotes":""},"class_list":["post-10","page","type-page","status-publish","hentry"],"_links":{"self":[{"href":"https:\/\/residencelepleiadi.it\/fr\/wp-json\/wp\/v2\/pages\/10","targetHints":{"allow":["GET"]}}],"collection":[{"href":"https:\/\/residencelepleiadi.it\/fr\/wp-json\/wp\/v2\/pages"}],"about":[{"href":"https:\/\/residencelepleiadi.it\/fr\/wp-json\/wp\/v2\/types\/page"}],"author":[{"embeddable":true,"href":"https:\/\/residencelepleiadi.it\/fr\/wp-json\/wp\/v2\/users\/1"}],"replies":[{"embeddable":true,"href":"https:\/\/residencelepleiadi.it\/fr\/wp-json\/wp\/v2\/comments?post=10"}],"version-history":[{"count":4,"href":"https:\/\/residencelepleiadi.it\/fr\/wp-json\/wp\/v2\/pages\/10\/revisions"}],"predecessor-version":[{"id":297,"href":"https:\/\/residencelepleiadi.it\/fr\/wp-json\/wp\/v2\/pages\/10\/revisions\/297"}],"wp:attachment":[{"href":"https:\/\/residencelepleiadi.it\/fr\/wp-json\/wp\/v2\/media?parent=10"}],"curies":[{"name":"wp","href":"https:\/\/api.w.org\/{rel}","templated":true}]}}