{"id":97,"date":"2026-03-10T13:30:36","date_gmt":"2026-03-10T12:30:36","guid":{"rendered":"https:\/\/staging.residencelepleiadi.it\/de\/?page_id=97"},"modified":"2026-03-25T16:43:34","modified_gmt":"2026-03-25T15:43:34","slug":"appartements-succhivo-ischia","status":"publish","type":"page","link":"https:\/\/residencelepleiadi.it\/de\/appartements-succhivo-ischia\/","title":{"rendered":"Appartements in Succhivo"},"content":{"rendered":"\n<section class=\"wp-block-group alignfull orkestra-container has-global-padding is-layout-constrained wp-block-group-is-layout-constrained\" style=\"padding-top:var(--wp--preset--spacing--80);padding-bottom:var(--wp--preset--spacing--80)\">\n<div class=\"wp-block-group has-global-padding is-layout-constrained wp-block-group-is-layout-constrained\">\n<h2 class=\"wp-block-heading fade-in-down\">Die Appartements des Residence Le Pleiadi in Succhivo liegen inmitten von einem historischen Zitrushain, umgeben von Weinbergen und einer abwechslungsreichen Vegetation.<\/h2>\n<\/div>\n<\/section>\n\n\n\n<section class=\"wp-block-group alignfull fade-in has-background is-layout-flow wp-block-group-is-layout-flow\" style=\"background-color:#ffbb00c7;padding-top:0;padding-bottom:0\">\n<div class=\"wp-block-columns are-vertically-aligned-center is-layout-flex wp-container-core-columns-is-layout-9503679e wp-block-columns-is-layout-flex\">\n<div class=\"wp-block-column is-vertically-aligned-center is-layout-flow wp-block-column-is-layout-flow\" style=\"flex-basis:50%\">\n<div class=\"wp-block-group has-global-padding is-layout-constrained wp-container-core-group-is-layout-73405a87 wp-block-group-is-layout-constrained\">\n<figure class=\"wp-block-gallery has-nested-images columns-default is-cropped orkestra-gallery fade-in wp-block-gallery-1 is-layout-flex wp-block-gallery-is-layout-flex\">\n<figure class=\"wp-block-image size-large\"><a href=\"https:\/\/residencelepleiadi.it\/wp-content\/uploads\/RESIDENCE-LE-PLEIADI-Appartamenti-Succhivo-PISCINA-2026-1.png\"><img decoding=\"async\" data-id=\"1186\" src=\"https:\/\/residencelepleiadi.it\/wp-content\/uploads\/RESIDENCE-LE-PLEIADI-Appartamenti-Succhivo-PISCINA-2026-1-1024x683.png\" alt=\"\" class=\"wp-image-1186\" style=\"aspect-ratio:3\/2\"\/><\/a><\/figure>\n\n\n\n<figure class=\"wp-block-image size-large\"><a href=\"https:\/\/residencelepleiadi.it\/wp-content\/uploads\/RESIDENCE-LE-PLEIADI-Appartamenti-Succhivo-PISCINA-2026-2.png\"><img decoding=\"async\" data-id=\"1187\" src=\"https:\/\/residencelepleiadi.it\/wp-content\/uploads\/RESIDENCE-LE-PLEIADI-Appartamenti-Succhivo-PISCINA-2026-2-1024x683.png\" alt=\"\" class=\"wp-image-1187\" style=\"aspect-ratio:3\/2\"\/><\/a><\/figure>\n\n\n\n<figure class=\"wp-block-image size-large\"><a href=\"https:\/\/residencelepleiadi.it\/wp-content\/uploads\/RESIDENCE-LE-PLEIADI-Appartamenti-Succhivo-PISCINA-2026-3.png\"><img decoding=\"async\" data-id=\"1188\" src=\"https:\/\/residencelepleiadi.it\/wp-content\/uploads\/RESIDENCE-LE-PLEIADI-Appartamenti-Succhivo-PISCINA-2026-3-1024x683.png\" alt=\"\" class=\"wp-image-1188\" style=\"aspect-ratio:3\/2\"\/><\/a><\/figure>\n\n\n\n<figure class=\"wp-block-image size-large\"><a href=\"https:\/\/residencelepleiadi.it\/wp-content\/uploads\/RESIDENCE-LE-PLEIADI-Appartamenti-Succhivo-PISCINA-2026-4.png\"><img decoding=\"async\" data-id=\"1182\" src=\"https:\/\/residencelepleiadi.it\/wp-content\/uploads\/RESIDENCE-LE-PLEIADI-Appartamenti-Succhivo-PISCINA-2026-4-1024x683.png\" alt=\"\" class=\"wp-image-1182\" style=\"aspect-ratio:3\/2\"\/><\/a><\/figure>\n\n\n\n<figure class=\"wp-block-image size-large\"><a href=\"https:\/\/residencelepleiadi.it\/wp-content\/uploads\/RESIDENCE-LE-PLEIADI-Appartamenti-Succhivo-PISCINA-2026-5.png\"><img decoding=\"async\" data-id=\"1189\" src=\"https:\/\/residencelepleiadi.it\/wp-content\/uploads\/RESIDENCE-LE-PLEIADI-Appartamenti-Succhivo-PISCINA-2026-5-1024x683.png\" alt=\"\" class=\"wp-image-1189\" style=\"aspect-ratio:3\/2\"\/><\/a><\/figure>\n\n\n\n<figure class=\"wp-block-image size-large\"><a href=\"https:\/\/residencelepleiadi.it\/wp-content\/uploads\/RESIDENCE-LE-PLEIADI-Appartamenti-Succhivo-PISCINA-2026-6.png\"><img decoding=\"async\" data-id=\"1183\" src=\"https:\/\/residencelepleiadi.it\/wp-content\/uploads\/RESIDENCE-LE-PLEIADI-Appartamenti-Succhivo-PISCINA-2026-6-1024x683.png\" alt=\"\" class=\"wp-image-1183\" style=\"aspect-ratio:3\/2\"\/><\/a><\/figure>\n\n\n\n<figure class=\"wp-block-image size-large\"><a href=\"https:\/\/residencelepleiadi.it\/wp-content\/uploads\/RESIDENCE-LE-PLEIADI-Appartamenti-Succhivo-PISCINA-2026-7.png\"><img decoding=\"async\" data-id=\"1185\" src=\"https:\/\/residencelepleiadi.it\/wp-content\/uploads\/RESIDENCE-LE-PLEIADI-Appartamenti-Succhivo-PISCINA-2026-7-1024x683.png\" alt=\"\" class=\"wp-image-1185\" style=\"aspect-ratio:3\/2\"\/><\/a><\/figure>\n\n\n\n<figure class=\"wp-block-image size-large\"><a href=\"https:\/\/residencelepleiadi.it\/wp-content\/uploads\/RESIDENCE-LE-PLEIADI-Appartamenti-Succhivo-PISCINA-2026-8.png\"><img decoding=\"async\" data-id=\"1181\" src=\"https:\/\/residencelepleiadi.it\/wp-content\/uploads\/RESIDENCE-LE-PLEIADI-Appartamenti-Succhivo-PISCINA-2026-8-1024x683.png\" alt=\"\" class=\"wp-image-1181\" style=\"aspect-ratio:3\/2\"\/><\/a><\/figure>\n\n\n\n<figure class=\"wp-block-image size-large\"><a href=\"https:\/\/residencelepleiadi.it\/wp-content\/uploads\/RESIDENCE-LE-PLEIADI-Appartamenti-Succhivo-PISCINA-2026-9.png\"><img decoding=\"async\" data-id=\"1184\" src=\"https:\/\/residencelepleiadi.it\/wp-content\/uploads\/RESIDENCE-LE-PLEIADI-Appartamenti-Succhivo-PISCINA-2026-9-1024x683.png\" alt=\"\" class=\"wp-image-1184\" style=\"aspect-ratio:3\/2\"\/><\/a><\/figure>\n<\/figure>\n<\/div>\n<\/div>\n\n\n\n<div class=\"wp-block-column is-vertically-aligned-center is-layout-flow wp-block-column-is-layout-flow\" style=\"padding-top:30px;padding-right:30px;padding-bottom:30px;padding-left:30px;flex-basis:50%\">\n<div class=\"wp-block-group has-global-padding is-layout-constrained wp-block-group-is-layout-constrained\">\n<p class=\"fade-in-down has-medium-font-size\">Bei der Planung und Fertigstellung der Anlage vor wenigen Jahren wurden helle, klare Linien und eine rationale Raumaufteilung bevorzugt. Alle Ferienwohnungen verf\u00fcgen \u00fcber Terrassen, einige davon mit einem Blick, der die Halbinsel Sant&#8217;Angelo und das offene Meer entlang der S\u00fcdk\u00fcste der Insel umarmt.<\/p>\n\n\n\n<p class=\"fade-in-down has-medium-font-size\">Die in Steinmauern eingefassten und mit Pflanzen und Blumen geschm\u00fcckten Terrassen bilden die nat\u00fcrliche Verl\u00e4ngerung der Innenr\u00e4ume, und sind mit Lauben und Barbecue ausgestattet.<\/p>\n<\/div>\n<\/div>\n<\/div>\n<\/section>\n\n\n\n<section class=\"wp-block-group alignfull orkestra-container has-global-padding is-layout-constrained wp-block-group-is-layout-constrained\" style=\"padding-top:var(--wp--preset--spacing--80);padding-bottom:var(--wp--preset--spacing--80)\">\n<div class=\"wp-block-group has-global-padding is-layout-constrained wp-block-group-is-layout-constrained\">\n<p class=\"fade-in-down\">Er liegt in unmittelbarer N\u00e4he zu Sant&#8217;Angelo, nur wenige Minuten vom Strand und dem kleinen Strand von Cava Grado entfernt \u2013 einem der ersten Anlegepl\u00e4tze der griechischen Siedler im IX Jahrhundert vor Christus. Succhivo weist jedoch eine ausschlie\u00dflich l\u00e4ndliche Tradition auf, die vor allem auf den Anbau von Weinreben und die Weinherstellung zur\u00fcckgeht.<\/p>\n\n\n\n<p class=\"fade-in-down\">Die Ortschaft Succhivo zieht sich an schmalen Wegen entlang, die an Jahrhunderte alten Gem\u00fcseg\u00e4rten, Weinkellern und Bauernh\u00e4usern entlangf\u00fchren, und frei von Verkehrsger\u00e4uschen sind. Wer sich f\u00fcr einen Aufenthalt im September entscheidet, kann noch der Weinlese beiwohnen, wobei oft noch die traditionellen Techniken angewandt werden.<\/p>\n\n\n\n<p class=\"fade-in-down\">Die Ortseinheimischen sind einfache, herzliche und sehr offene Menschen im Umgang mit den G\u00e4sten, die hier ihren Urlaub verbringen. Auch aus diesem Grund treffen jedes Jahr ab dem Fr\u00fchlingsanfang wieder dieselben Besucher in Succhivo ein, die schon seit Jahren vollkommen entspannte Tage in dieser Ruheoase verbringen.<\/p>\n\n\n\n<p class=\"fade-in-down\"><strong>Wir weisen unsere gesch\u00e4tzten G\u00e4ste darauf hin, dass Haustiere in unserer Unterkunft nicht gestattet sind.<\/strong><\/p>\n<\/div>\n<\/section>\n\n\n\n<section class=\"wp-block-group alignfull orkestra-container has-global-padding is-layout-constrained wp-container-core-group-is-layout-4d69848d wp-block-group-is-layout-constrained\" style=\"padding-top:var(--wp--preset--spacing--80);padding-bottom:var(--wp--preset--spacing--80)\">\n<h3 class=\"wp-block-heading has-text-align-center fade-in-down has-fraunces-font-family has-x-large-font-size\" style=\"padding-right:var(--wp--preset--spacing--40);padding-left:var(--wp--preset--spacing--40)\">Wohnungen und Dienstleistungen<\/h3>\n\n\n\n<div class=\"wp-block-query is-layout-flow wp-block-query-is-layout-flow\"><ul style=\"padding-top:var(--wp--preset--spacing--60);padding-bottom:var(--wp--preset--spacing--60);\" class=\"fade-in-down wp-block-post-template is-layout-grid wp-container-core-post-template-is-layout-3d79fbe4 wp-block-post-template-is-layout-grid\"><li class=\"wp-block-post post-99 page type-page status-publish has-post-thumbnail hentry\">\n\n<div class=\"wp-block-group is-vertical is-layout-flex wp-container-core-group-is-layout-52af95e6 wp-block-group-is-layout-flex\" style=\"padding-top:0;padding-right:0;padding-bottom:0;padding-left:0\"><figure style=\"aspect-ratio:1;\" class=\"wp-block-post-featured-image\"><a href=\"https:\/\/residencelepleiadi.it\/de\/appartements-succhivo-ischia\/zwei-zimmer-appartements-in-succhivo\/\" target=\"_self\"  ><img loading=\"lazy\" decoding=\"async\" width=\"1920\" height=\"1280\" src=\"https:\/\/residencelepleiadi.it\/de\/wp-content\/uploads\/sites\/3\/2026\/03\/RESIDENCE-LE-PLEIADI-Appartamenti-Succhivo-ALCIONE-04.jpg\" class=\"attachment-post-thumbnail size-post-thumbnail wp-post-image\" alt=\"Zwei-Zimmer-Appartements in Succhivo\" style=\"width:100%;height:100%;object-fit:cover;\" srcset=\"https:\/\/residencelepleiadi.it\/de\/wp-content\/uploads\/sites\/3\/2026\/03\/RESIDENCE-LE-PLEIADI-Appartamenti-Succhivo-ALCIONE-04.jpg 1920w, https:\/\/residencelepleiadi.it\/de\/wp-content\/uploads\/sites\/3\/2026\/03\/RESIDENCE-LE-PLEIADI-Appartamenti-Succhivo-ALCIONE-04-300x200.jpg 300w, https:\/\/residencelepleiadi.it\/de\/wp-content\/uploads\/sites\/3\/2026\/03\/RESIDENCE-LE-PLEIADI-Appartamenti-Succhivo-ALCIONE-04-1024x683.jpg 1024w, https:\/\/residencelepleiadi.it\/de\/wp-content\/uploads\/sites\/3\/2026\/03\/RESIDENCE-LE-PLEIADI-Appartamenti-Succhivo-ALCIONE-04-768x512.jpg 768w, https:\/\/residencelepleiadi.it\/de\/wp-content\/uploads\/sites\/3\/2026\/03\/RESIDENCE-LE-PLEIADI-Appartamenti-Succhivo-ALCIONE-04-1536x1024.jpg 1536w\" sizes=\"auto, (max-width: 1920px) 100vw, 1920px\" \/><\/a><\/figure>\n\n\n<div class=\"wp-block-group has-global-padding is-layout-constrained wp-block-group-is-layout-constrained\"><h3 class=\"wp-block-post-title has-medium-font-size\"><a href=\"https:\/\/residencelepleiadi.it\/de\/appartements-succhivo-ischia\/zwei-zimmer-appartements-in-succhivo\/\" target=\"_self\" >Zwei-Zimmer-Appartements in Succhivo<\/a><\/h3>\n\n<div class=\"wp-block-post-excerpt has-custom-1-font-size\"><p class=\"wp-block-post-excerpt__excerpt\">Die Appartements wurden k\u00fcrzlich nach Umbau- und Sanierungsma\u00dfnahmen eines antiken Geb\u00e4udes <\/p><\/div><\/div>\n<\/div>\n\n<\/li><li class=\"wp-block-post post-113 page type-page status-publish has-post-thumbnail hentry\">\n\n<div class=\"wp-block-group is-vertical is-layout-flex wp-container-core-group-is-layout-52af95e6 wp-block-group-is-layout-flex\" style=\"padding-top:0;padding-right:0;padding-bottom:0;padding-left:0\"><figure style=\"aspect-ratio:1;\" class=\"wp-block-post-featured-image\"><a href=\"https:\/\/residencelepleiadi.it\/de\/appartements-succhivo-ischia\/ein-zimmer-appartements-succhivo\/\" target=\"_self\"  ><img loading=\"lazy\" decoding=\"async\" width=\"1920\" height=\"1280\" src=\"https:\/\/residencelepleiadi.it\/de\/wp-content\/uploads\/sites\/3\/2026\/03\/RESIDENCE-LE-PLEIADI-Appartamenti-Succhivo-MEROPE-05.jpg\" class=\"attachment-post-thumbnail size-post-thumbnail wp-post-image\" alt=\"Ein-Zimmer-Appartements in Succhivo\" style=\"width:100%;height:100%;object-fit:cover;\" srcset=\"https:\/\/residencelepleiadi.it\/de\/wp-content\/uploads\/sites\/3\/2026\/03\/RESIDENCE-LE-PLEIADI-Appartamenti-Succhivo-MEROPE-05.jpg 1920w, https:\/\/residencelepleiadi.it\/de\/wp-content\/uploads\/sites\/3\/2026\/03\/RESIDENCE-LE-PLEIADI-Appartamenti-Succhivo-MEROPE-05-300x200.jpg 300w, https:\/\/residencelepleiadi.it\/de\/wp-content\/uploads\/sites\/3\/2026\/03\/RESIDENCE-LE-PLEIADI-Appartamenti-Succhivo-MEROPE-05-1024x683.jpg 1024w, https:\/\/residencelepleiadi.it\/de\/wp-content\/uploads\/sites\/3\/2026\/03\/RESIDENCE-LE-PLEIADI-Appartamenti-Succhivo-MEROPE-05-768x512.jpg 768w, https:\/\/residencelepleiadi.it\/de\/wp-content\/uploads\/sites\/3\/2026\/03\/RESIDENCE-LE-PLEIADI-Appartamenti-Succhivo-MEROPE-05-1536x1024.jpg 1536w\" sizes=\"auto, (max-width: 1920px) 100vw, 1920px\" \/><\/a><\/figure>\n\n\n<div class=\"wp-block-group has-global-padding is-layout-constrained wp-block-group-is-layout-constrained\"><h3 class=\"wp-block-post-title has-medium-font-size\"><a href=\"https:\/\/residencelepleiadi.it\/de\/appartements-succhivo-ischia\/ein-zimmer-appartements-succhivo\/\" target=\"_self\" >Ein-Zimmer-Appartements in Succhivo<\/a><\/h3>\n\n<div class=\"wp-block-post-excerpt has-custom-1-font-size\"><p class=\"wp-block-post-excerpt__excerpt\">Die Ein-Zimmer-Appartements f\u00fcr 2 oder 3 Personen <\/p><\/div><\/div>\n<\/div>\n\n<\/li><li class=\"wp-block-post post-117 page type-page status-publish has-post-thumbnail hentry\">\n\n<div class=\"wp-block-group is-vertical is-layout-flex wp-container-core-group-is-layout-52af95e6 wp-block-group-is-layout-flex\" style=\"padding-top:0;padding-right:0;padding-bottom:0;padding-left:0\"><figure style=\"aspect-ratio:1;\" class=\"wp-block-post-featured-image\"><a href=\"https:\/\/residencelepleiadi.it\/de\/appartements-succhivo-ischia\/appartements-mit-schwimmbad-ischia\/\" target=\"_self\"  ><img loading=\"lazy\" decoding=\"async\" width=\"1920\" height=\"1285\" src=\"https:\/\/residencelepleiadi.it\/de\/wp-content\/uploads\/sites\/3\/2026\/03\/RESIDENCE-LE-PLEIADI-Appartamenti-Succhivo-PISCINA-11.jpg\" class=\"attachment-post-thumbnail size-post-thumbnail wp-post-image\" alt=\"Schwimmbad in einer Agrumenpflanzung\" style=\"width:100%;height:100%;object-fit:cover;\" srcset=\"https:\/\/residencelepleiadi.it\/de\/wp-content\/uploads\/sites\/3\/2026\/03\/RESIDENCE-LE-PLEIADI-Appartamenti-Succhivo-PISCINA-11.jpg 1920w, https:\/\/residencelepleiadi.it\/de\/wp-content\/uploads\/sites\/3\/2026\/03\/RESIDENCE-LE-PLEIADI-Appartamenti-Succhivo-PISCINA-11-300x201.jpg 300w, https:\/\/residencelepleiadi.it\/de\/wp-content\/uploads\/sites\/3\/2026\/03\/RESIDENCE-LE-PLEIADI-Appartamenti-Succhivo-PISCINA-11-1024x685.jpg 1024w, https:\/\/residencelepleiadi.it\/de\/wp-content\/uploads\/sites\/3\/2026\/03\/RESIDENCE-LE-PLEIADI-Appartamenti-Succhivo-PISCINA-11-768x514.jpg 768w, https:\/\/residencelepleiadi.it\/de\/wp-content\/uploads\/sites\/3\/2026\/03\/RESIDENCE-LE-PLEIADI-Appartamenti-Succhivo-PISCINA-11-1536x1028.jpg 1536w\" sizes=\"auto, (max-width: 1920px) 100vw, 1920px\" \/><\/a><\/figure>\n\n\n<div class=\"wp-block-group has-global-padding is-layout-constrained wp-block-group-is-layout-constrained\"><h3 class=\"wp-block-post-title has-medium-font-size\"><a href=\"https:\/\/residencelepleiadi.it\/de\/appartements-succhivo-ischia\/appartements-mit-schwimmbad-ischia\/\" target=\"_self\" >Schwimmbad in einer Agrumenpflanzung<\/a><\/h3>\n\n<div class=\"wp-block-post-excerpt has-custom-1-font-size\"><p class=\"wp-block-post-excerpt__excerpt\">In einer Oase der Stille, umgeben von tropischen Pflanzen und einem Zitrusgarten <\/p><\/div><\/div>\n<\/div>\n\n<\/li><\/ul>\n\n<\/div>\n<\/section>\n","protected":false},"excerpt":{"rendered":"<p>Die Appartements des Residence Le Pleiadi in Succhivo liegen inmitten von einem historischen Zitrushain, umgeben von Weinbergen und einer abwechslungsreichen Vegetation. Bei der Planung und Fertigstellung der Anlage vor wenigen Jahren wurden helle, klare Linien und eine rationale Raumaufteilung bevorzugt. Alle Ferienwohnungen verf\u00fcgen \u00fcber Terrassen, einige davon mit einem Blick, der die Halbinsel Sant&#8217;Angelo und [&hellip;]<\/p>\n","protected":false},"author":1,"featured_media":257,"parent":0,"menu_order":0,"comment_status":"closed","ping_status":"closed","template":"","meta":{"footnotes":""},"class_list":["post-97","page","type-page","status-publish","has-post-thumbnail","hentry"],"_links":{"self":[{"href":"https:\/\/residencelepleiadi.it\/de\/wp-json\/wp\/v2\/pages\/97","targetHints":{"allow":["GET"]}}],"collection":[{"href":"https:\/\/residencelepleiadi.it\/de\/wp-json\/wp\/v2\/pages"}],"about":[{"href":"https:\/\/residencelepleiadi.it\/de\/wp-json\/wp\/v2\/types\/page"}],"author":[{"embeddable":true,"href":"https:\/\/residencelepleiadi.it\/de\/wp-json\/wp\/v2\/users\/1"}],"replies":[{"embeddable":true,"href":"https:\/\/residencelepleiadi.it\/de\/wp-json\/wp\/v2\/comments?post=97"}],"version-history":[{"count":3,"href":"https:\/\/residencelepleiadi.it\/de\/wp-json\/wp\/v2\/pages\/97\/revisions"}],"predecessor-version":[{"id":311,"href":"https:\/\/residencelepleiadi.it\/de\/wp-json\/wp\/v2\/pages\/97\/revisions\/311"}],"wp:featuredmedia":[{"embeddable":true,"href":"https:\/\/residencelepleiadi.it\/de\/wp-json\/wp\/v2\/media\/257"}],"wp:attachment":[{"href":"https:\/\/residencelepleiadi.it\/de\/wp-json\/wp\/v2\/media?parent=97"}],"curies":[{"name":"wp","href":"https:\/\/api.w.org\/{rel}","templated":true}]}}