{"id":83,"date":"2026-03-10T12:13:04","date_gmt":"2026-03-10T11:13:04","guid":{"rendered":"https:\/\/staging.residencelepleiadi.it\/de\/?page_id=83"},"modified":"2026-03-18T13:42:09","modified_gmt":"2026-03-18T12:42:09","slug":"ein-zimmer-appartements-sant-angelo","status":"publish","type":"page","link":"https:\/\/residencelepleiadi.it\/de\/appartements-in-sant-angelo-d-ischia\/ein-zimmer-appartements-sant-angelo\/","title":{"rendered":"Ein-Zimmer-Appartements in Sant&#8217;Angelo"},"content":{"rendered":"\n<section class=\"wp-block-group alignfull orkestra-container has-global-padding is-layout-constrained wp-block-group-is-layout-constrained\" style=\"padding-top:var(--wp--preset--spacing--80);padding-bottom:var(--wp--preset--spacing--80)\">\n<h2 class=\"wp-block-heading fade-in-down\">Die Ein-Zimmer-Appartements f\u00fcr 2 oder 3 Personen verf\u00fcgen \u00fcber ein Doppelbett, Schlafsessel, Kochnische, Bad mit Dusche und Terrasse mit Ausblick auf das Meer und den Strand.<\/h2>\n<\/section>\n\n\n\n<section class=\"wp-block-group alignfull orkestra-scrollable-container has-global-padding is-layout-constrained wp-container-core-group-is-layout-4d69848d wp-block-group-is-layout-constrained\" style=\"padding-top:var(--wp--preset--spacing--80);padding-bottom:var(--wp--preset--spacing--80)\">\n<h3 class=\"wp-block-heading has-text-align-center fade-in-down has-fraunces-font-family has-x-large-font-size\" style=\"margin-top:0;margin-right:0;margin-bottom:0;margin-left:0\">Appartements<\/h3>\n\n\n\n<div class=\"wp-block-query is-layout-flow wp-block-query-is-layout-flow\"><ul style=\"padding-top:var(--wp--preset--spacing--60);padding-bottom:var(--wp--preset--spacing--60);\" class=\"orkestra-scrollable-mobile-only fade-in-down wp-block-post-template is-layout-grid wp-container-core-post-template-is-layout-3d79fbe4 wp-block-post-template-is-layout-grid\"><li class=\"wp-block-post post-89 page type-page status-publish has-post-thumbnail hentry\">\n\n<div class=\"wp-block-group is-vertical is-layout-flex wp-container-core-group-is-layout-52af95e6 wp-block-group-is-layout-flex\" style=\"padding-top:0;padding-right:0;padding-bottom:0;padding-left:0\"><figure style=\"aspect-ratio:1;\" class=\"wp-block-post-featured-image\"><a href=\"https:\/\/residencelepleiadi.it\/de\/appartements-in-sant-angelo-d-ischia\/ein-zimmer-appartements-sant-angelo\/scirocco\/\" target=\"_self\"  ><img loading=\"lazy\" decoding=\"async\" width=\"1920\" height=\"1278\" src=\"https:\/\/residencelepleiadi.it\/de\/wp-content\/uploads\/sites\/3\/2026\/03\/RESIDENCE-LE-PLEIADI-Appartamenti-Sant-Angelo-SCIROCCO-04.jpg\" class=\"attachment-post-thumbnail size-post-thumbnail wp-post-image\" alt=\"Scirocco\" style=\"width:100%;height:100%;object-fit:cover;\" srcset=\"https:\/\/residencelepleiadi.it\/de\/wp-content\/uploads\/sites\/3\/2026\/03\/RESIDENCE-LE-PLEIADI-Appartamenti-Sant-Angelo-SCIROCCO-04.jpg 1920w, https:\/\/residencelepleiadi.it\/de\/wp-content\/uploads\/sites\/3\/2026\/03\/RESIDENCE-LE-PLEIADI-Appartamenti-Sant-Angelo-SCIROCCO-04-300x200.jpg 300w, https:\/\/residencelepleiadi.it\/de\/wp-content\/uploads\/sites\/3\/2026\/03\/RESIDENCE-LE-PLEIADI-Appartamenti-Sant-Angelo-SCIROCCO-04-1024x682.jpg 1024w, https:\/\/residencelepleiadi.it\/de\/wp-content\/uploads\/sites\/3\/2026\/03\/RESIDENCE-LE-PLEIADI-Appartamenti-Sant-Angelo-SCIROCCO-04-768x511.jpg 768w, https:\/\/residencelepleiadi.it\/de\/wp-content\/uploads\/sites\/3\/2026\/03\/RESIDENCE-LE-PLEIADI-Appartamenti-Sant-Angelo-SCIROCCO-04-1536x1022.jpg 1536w\" sizes=\"auto, (max-width: 1920px) 100vw, 1920px\" \/><\/a><\/figure>\n\n\n<div class=\"wp-block-group has-global-padding is-layout-constrained wp-block-group-is-layout-constrained\"><h3 class=\"wp-block-post-title\"><a href=\"https:\/\/residencelepleiadi.it\/de\/appartements-in-sant-angelo-d-ischia\/ein-zimmer-appartements-sant-angelo\/scirocco\/\" target=\"_self\" >Scirocco<\/a><\/h3>\n\n\n<hr class=\"wp-block-separator has-alpha-channel-opacity\" style=\"margin-top:var(--wp--preset--spacing--30);margin-bottom:var(--wp--preset--spacing--30)\"\/>\n\n\n<div style=\"font-style:normal;font-weight:500;\" class=\"wp-block-post-excerpt has-small-font-size\"><p class=\"wp-block-post-excerpt__excerpt\">Ein-Zimmer-Appartement f\u00fcr 2\u20133 Personen <\/p><\/div><\/div>\n<\/div>\n\n<\/li><li class=\"wp-block-post post-87 page type-page status-publish has-post-thumbnail hentry\">\n\n<div class=\"wp-block-group is-vertical is-layout-flex wp-container-core-group-is-layout-52af95e6 wp-block-group-is-layout-flex\" style=\"padding-top:0;padding-right:0;padding-bottom:0;padding-left:0\"><figure style=\"aspect-ratio:1;\" class=\"wp-block-post-featured-image\"><a href=\"https:\/\/residencelepleiadi.it\/de\/appartements-in-sant-angelo-d-ischia\/ein-zimmer-appartements-sant-angelo\/mezzogiorno\/\" target=\"_self\"  ><img loading=\"lazy\" decoding=\"async\" width=\"1920\" height=\"1272\" src=\"https:\/\/residencelepleiadi.it\/de\/wp-content\/uploads\/sites\/3\/2026\/03\/RESIDENCE-LE-PLEIADI-Appartamenti-Sant-Angelo-MEZZOGIORNO-01.jpg\" class=\"attachment-post-thumbnail size-post-thumbnail wp-post-image\" alt=\"Mezzogiorno\" style=\"width:100%;height:100%;object-fit:cover;\" srcset=\"https:\/\/residencelepleiadi.it\/de\/wp-content\/uploads\/sites\/3\/2026\/03\/RESIDENCE-LE-PLEIADI-Appartamenti-Sant-Angelo-MEZZOGIORNO-01.jpg 1920w, https:\/\/residencelepleiadi.it\/de\/wp-content\/uploads\/sites\/3\/2026\/03\/RESIDENCE-LE-PLEIADI-Appartamenti-Sant-Angelo-MEZZOGIORNO-01-300x199.jpg 300w, https:\/\/residencelepleiadi.it\/de\/wp-content\/uploads\/sites\/3\/2026\/03\/RESIDENCE-LE-PLEIADI-Appartamenti-Sant-Angelo-MEZZOGIORNO-01-1024x678.jpg 1024w, https:\/\/residencelepleiadi.it\/de\/wp-content\/uploads\/sites\/3\/2026\/03\/RESIDENCE-LE-PLEIADI-Appartamenti-Sant-Angelo-MEZZOGIORNO-01-768x509.jpg 768w, https:\/\/residencelepleiadi.it\/de\/wp-content\/uploads\/sites\/3\/2026\/03\/RESIDENCE-LE-PLEIADI-Appartamenti-Sant-Angelo-MEZZOGIORNO-01-1536x1018.jpg 1536w\" sizes=\"auto, (max-width: 1920px) 100vw, 1920px\" \/><\/a><\/figure>\n\n\n<div class=\"wp-block-group has-global-padding is-layout-constrained wp-block-group-is-layout-constrained\"><h3 class=\"wp-block-post-title\"><a href=\"https:\/\/residencelepleiadi.it\/de\/appartements-in-sant-angelo-d-ischia\/ein-zimmer-appartements-sant-angelo\/mezzogiorno\/\" target=\"_self\" >Mezzogiorno<\/a><\/h3>\n\n\n<hr class=\"wp-block-separator has-alpha-channel-opacity\" style=\"margin-top:var(--wp--preset--spacing--30);margin-bottom:var(--wp--preset--spacing--30)\"\/>\n\n\n<div style=\"font-style:normal;font-weight:500;\" class=\"wp-block-post-excerpt has-small-font-size\"><p class=\"wp-block-post-excerpt__excerpt\">Ein-Zimmer-Appartement f\u00fcr 4 Personen <\/p><\/div><\/div>\n<\/div>\n\n<\/li><li class=\"wp-block-post post-85 page type-page status-publish has-post-thumbnail hentry\">\n\n<div class=\"wp-block-group is-vertical is-layout-flex wp-container-core-group-is-layout-52af95e6 wp-block-group-is-layout-flex\" style=\"padding-top:0;padding-right:0;padding-bottom:0;padding-left:0\"><figure style=\"aspect-ratio:1;\" class=\"wp-block-post-featured-image\"><a href=\"https:\/\/residencelepleiadi.it\/de\/appartements-in-sant-angelo-d-ischia\/ein-zimmer-appartements-sant-angelo\/grecale\/\" target=\"_self\"  ><img loading=\"lazy\" decoding=\"async\" width=\"1920\" height=\"1280\" src=\"https:\/\/residencelepleiadi.it\/de\/wp-content\/uploads\/sites\/3\/2026\/03\/RESIDENCE-LE-PLEIADI-Appartamenti-Sant-Angelo-GRECALE-01.jpg\" class=\"attachment-post-thumbnail size-post-thumbnail wp-post-image\" alt=\"Grecale\" style=\"width:100%;height:100%;object-fit:cover;\" srcset=\"https:\/\/residencelepleiadi.it\/de\/wp-content\/uploads\/sites\/3\/2026\/03\/RESIDENCE-LE-PLEIADI-Appartamenti-Sant-Angelo-GRECALE-01.jpg 1920w, https:\/\/residencelepleiadi.it\/de\/wp-content\/uploads\/sites\/3\/2026\/03\/RESIDENCE-LE-PLEIADI-Appartamenti-Sant-Angelo-GRECALE-01-300x200.jpg 300w, https:\/\/residencelepleiadi.it\/de\/wp-content\/uploads\/sites\/3\/2026\/03\/RESIDENCE-LE-PLEIADI-Appartamenti-Sant-Angelo-GRECALE-01-1024x683.jpg 1024w, https:\/\/residencelepleiadi.it\/de\/wp-content\/uploads\/sites\/3\/2026\/03\/RESIDENCE-LE-PLEIADI-Appartamenti-Sant-Angelo-GRECALE-01-768x512.jpg 768w, https:\/\/residencelepleiadi.it\/de\/wp-content\/uploads\/sites\/3\/2026\/03\/RESIDENCE-LE-PLEIADI-Appartamenti-Sant-Angelo-GRECALE-01-1536x1024.jpg 1536w\" sizes=\"auto, (max-width: 1920px) 100vw, 1920px\" \/><\/a><\/figure>\n\n\n<div class=\"wp-block-group has-global-padding is-layout-constrained wp-block-group-is-layout-constrained\"><h3 class=\"wp-block-post-title\"><a href=\"https:\/\/residencelepleiadi.it\/de\/appartements-in-sant-angelo-d-ischia\/ein-zimmer-appartements-sant-angelo\/grecale\/\" target=\"_self\" >Grecale<\/a><\/h3>\n\n\n<hr class=\"wp-block-separator has-alpha-channel-opacity\" style=\"margin-top:var(--wp--preset--spacing--30);margin-bottom:var(--wp--preset--spacing--30)\"\/>\n\n\n<div style=\"font-style:normal;font-weight:500;\" class=\"wp-block-post-excerpt has-small-font-size\"><p class=\"wp-block-post-excerpt__excerpt\">Ein-Zimmer-Appartement f\u00fcr 2\u20133 Personen <\/p><\/div><\/div>\n<\/div>\n\n<\/li><\/ul>\n\n<\/div>\n<\/section>\n","protected":false},"excerpt":{"rendered":"<p>Die Ein-Zimmer-Appartements f\u00fcr 2 oder 3 Personen<\/p>\n","protected":false},"author":1,"featured_media":246,"parent":66,"menu_order":0,"comment_status":"closed","ping_status":"closed","template":"","meta":{"footnotes":""},"class_list":["post-83","page","type-page","status-publish","has-post-thumbnail","hentry"],"_links":{"self":[{"href":"https:\/\/residencelepleiadi.it\/de\/wp-json\/wp\/v2\/pages\/83","targetHints":{"allow":["GET"]}}],"collection":[{"href":"https:\/\/residencelepleiadi.it\/de\/wp-json\/wp\/v2\/pages"}],"about":[{"href":"https:\/\/residencelepleiadi.it\/de\/wp-json\/wp\/v2\/types\/page"}],"author":[{"embeddable":true,"href":"https:\/\/residencelepleiadi.it\/de\/wp-json\/wp\/v2\/users\/1"}],"replies":[{"embeddable":true,"href":"https:\/\/residencelepleiadi.it\/de\/wp-json\/wp\/v2\/comments?post=83"}],"version-history":[{"count":3,"href":"https:\/\/residencelepleiadi.it\/de\/wp-json\/wp\/v2\/pages\/83\/revisions"}],"predecessor-version":[{"id":162,"href":"https:\/\/residencelepleiadi.it\/de\/wp-json\/wp\/v2\/pages\/83\/revisions\/162"}],"up":[{"embeddable":true,"href":"https:\/\/residencelepleiadi.it\/de\/wp-json\/wp\/v2\/pages\/66"}],"wp:featuredmedia":[{"embeddable":true,"href":"https:\/\/residencelepleiadi.it\/de\/wp-json\/wp\/v2\/media\/246"}],"wp:attachment":[{"href":"https:\/\/residencelepleiadi.it\/de\/wp-json\/wp\/v2\/media?parent=83"}],"curies":[{"name":"wp","href":"https:\/\/api.w.org\/{rel}","templated":true}]}}