{"id":66,"date":"2026-03-10T09:31:48","date_gmt":"2026-03-10T08:31:48","guid":{"rendered":"https:\/\/staging.residencelepleiadi.it\/de\/?page_id=66"},"modified":"2026-03-18T13:34:55","modified_gmt":"2026-03-18T12:34:55","slug":"appartements-in-sant-angelo-d-ischia","status":"publish","type":"page","link":"https:\/\/residencelepleiadi.it\/de\/appartements-in-sant-angelo-d-ischia\/","title":{"rendered":"Appartements in Sant&#8217;Angelo d&#8217;Ischia"},"content":{"rendered":"\n<section class=\"wp-block-group alignfull orkestra-container has-global-padding is-layout-constrained wp-block-group-is-layout-constrained\" style=\"padding-top:var(--wp--preset--spacing--80);padding-bottom:var(--wp--preset--spacing--80)\">\n<div class=\"wp-block-group has-global-padding is-layout-constrained wp-block-group-is-layout-constrained\">\n<h2 class=\"wp-block-heading fade-in-down\">Die Appartements des Residence Le Pleiadi in Sant&#8217;Angelo, im S\u00fcden der Insel Ischia, genie\u00dfen eine privilegierte Lage.<\/h2>\n<\/div>\n<\/section>\n\n\n\n<section class=\"wp-block-group alignfull fade-in has-background is-layout-flow wp-block-group-is-layout-flow\" style=\"background-color:#ffbb00c7;padding-top:0;padding-bottom:0\">\n<div class=\"wp-block-columns are-vertically-aligned-center is-layout-flex wp-container-core-columns-is-layout-9503679e wp-block-columns-is-layout-flex\">\n<div class=\"wp-block-column is-vertically-aligned-center is-layout-flow wp-block-column-is-layout-flow\" style=\"flex-basis:50%\">\n<div class=\"wp-block-group has-global-padding is-layout-constrained wp-container-core-group-is-layout-73405a87 wp-block-group-is-layout-constrained\">\n<figure class=\"wp-block-gallery has-nested-images columns-default is-cropped orkestra-gallery fade-in wp-block-gallery-1 is-layout-flex wp-block-gallery-is-layout-flex\">\n<figure class=\"wp-block-image size-large\"><a href=\"https:\/\/residencelepleiadi.it\/wp-content\/uploads\/RESIDENCE-LE-PLEIADI-Appartamenti-Sant-Angelo-ESTERNI-03.jpg\"><img decoding=\"async\" data-id=\"425\" src=\"https:\/\/residencelepleiadi.it\/wp-content\/uploads\/RESIDENCE-LE-PLEIADI-Appartamenti-Sant-Angelo-ESTERNI-03-1024x683.jpg\" alt=\"\" class=\"wp-image-425\" style=\"aspect-ratio:3\/2\"\/><\/a><\/figure>\n\n\n\n<figure class=\"wp-block-image size-large\"><a href=\"https:\/\/residencelepleiadi.it\/wp-content\/uploads\/RESIDENCE-LE-PLEIADI-Appartamenti-Sant-Angelo-ESTERNI-02.jpg\"><img decoding=\"async\" data-id=\"424\" src=\"https:\/\/residencelepleiadi.it\/wp-content\/uploads\/RESIDENCE-LE-PLEIADI-Appartamenti-Sant-Angelo-ESTERNI-02-1024x683.jpg\" alt=\"\" class=\"wp-image-424\" style=\"aspect-ratio:3\/2\"\/><\/a><\/figure>\n\n\n\n<figure class=\"wp-block-image size-large\"><a href=\"https:\/\/residencelepleiadi.it\/wp-content\/uploads\/RESIDENCE-LE-PLEIADI-Appartamenti-Sant-Angelo-ESTERNI-01.jpg\"><img decoding=\"async\" data-id=\"423\" src=\"https:\/\/residencelepleiadi.it\/wp-content\/uploads\/RESIDENCE-LE-PLEIADI-Appartamenti-Sant-Angelo-ESTERNI-01-1024x683.jpg\" alt=\"\" class=\"wp-image-423\" style=\"aspect-ratio:3\/2\"\/><\/a><\/figure>\n\n\n\n<figure class=\"wp-block-image size-large\"><a href=\"https:\/\/residencelepleiadi.it\/wp-content\/uploads\/RESIDENCE-LE-PLEIADI-Appartamenti-Sant-Angelo-ESTERNI-24.jpg\"><img decoding=\"async\" data-id=\"439\" src=\"https:\/\/residencelepleiadi.it\/wp-content\/uploads\/RESIDENCE-LE-PLEIADI-Appartamenti-Sant-Angelo-ESTERNI-24-1024x683.jpg\" alt=\"\" class=\"wp-image-439\" style=\"aspect-ratio:3\/2\"\/><\/a><\/figure>\n\n\n\n<figure class=\"wp-block-image size-large\"><a href=\"https:\/\/residencelepleiadi.it\/wp-content\/uploads\/RESIDENCE-LE-PLEIADI-Appartamenti-Sant-Angelo-ESTERNI-05.jpg\"><img decoding=\"async\" data-id=\"427\" src=\"https:\/\/residencelepleiadi.it\/wp-content\/uploads\/RESIDENCE-LE-PLEIADI-Appartamenti-Sant-Angelo-ESTERNI-05-1024x683.jpg\" alt=\"\" class=\"wp-image-427\" style=\"aspect-ratio:3\/2\"\/><\/a><\/figure>\n\n\n\n<figure class=\"wp-block-image size-large\"><a href=\"https:\/\/residencelepleiadi.it\/wp-content\/uploads\/RESIDENCE-LE-PLEIADI-Appartamenti-Sant-Angelo-ESTERNI-19.jpg\"><img decoding=\"async\" data-id=\"436\" src=\"https:\/\/residencelepleiadi.it\/wp-content\/uploads\/RESIDENCE-LE-PLEIADI-Appartamenti-Sant-Angelo-ESTERNI-19-1024x683.jpg\" alt=\"\" class=\"wp-image-436\" style=\"aspect-ratio:3\/2\"\/><\/a><\/figure>\n\n\n\n<figure class=\"wp-block-image size-large\"><a href=\"https:\/\/residencelepleiadi.it\/wp-content\/uploads\/RESIDENCE-LE-PLEIADI-Appartamenti-Sant-Angelo-ESTERNI-22.jpg\"><img decoding=\"async\" data-id=\"1023\" src=\"https:\/\/residencelepleiadi.it\/wp-content\/uploads\/RESIDENCE-LE-PLEIADI-Appartamenti-Sant-Angelo-ESTERNI-22-1024x683.jpg\" alt=\"\" class=\"wp-image-1023\" style=\"aspect-ratio:3\/2\"\/><\/a><\/figure>\n\n\n\n<figure class=\"wp-block-image size-large\"><a href=\"https:\/\/residencelepleiadi.it\/wp-content\/uploads\/RESIDENCE-LE-PLEIADI-Appartamenti-Sant-Angelo-ESTERNI-21.jpg\"><img decoding=\"async\" data-id=\"438\" src=\"https:\/\/residencelepleiadi.it\/wp-content\/uploads\/RESIDENCE-LE-PLEIADI-Appartamenti-Sant-Angelo-ESTERNI-21-1024x683.jpg\" alt=\"\" class=\"wp-image-438\" style=\"aspect-ratio:3\/2\"\/><\/a><\/figure>\n\n\n\n<figure class=\"wp-block-image size-large\"><a href=\"https:\/\/residencelepleiadi.it\/wp-content\/uploads\/RESIDENCE-LE-PLEIADI-Appartamenti-Sant-Angelo-ESTERNI-14.jpg\"><img decoding=\"async\" data-id=\"433\" src=\"https:\/\/residencelepleiadi.it\/wp-content\/uploads\/RESIDENCE-LE-PLEIADI-Appartamenti-Sant-Angelo-ESTERNI-14-1024x683.jpg\" alt=\"\" class=\"wp-image-433\" style=\"aspect-ratio:3\/2\"\/><\/a><\/figure>\n\n\n\n<figure class=\"wp-block-image size-large\"><a href=\"https:\/\/residencelepleiadi.it\/wp-content\/uploads\/RESIDENCE-LE-PLEIADI-Appartamenti-Sant-Angelo-ESTERNI-11.jpg\"><img decoding=\"async\" data-id=\"431\" src=\"https:\/\/residencelepleiadi.it\/wp-content\/uploads\/RESIDENCE-LE-PLEIADI-Appartamenti-Sant-Angelo-ESTERNI-11-1024x683.jpg\" alt=\"\" class=\"wp-image-431\" style=\"aspect-ratio:3\/2\"\/><\/a><\/figure>\n\n\n\n<figure class=\"wp-block-image size-large\"><a href=\"https:\/\/residencelepleiadi.it\/wp-content\/uploads\/RESIDENCE-LE-PLEIADI-Appartamenti-Sant-Angelo-ESTERNI-06.jpg\"><img decoding=\"async\" data-id=\"428\" src=\"https:\/\/residencelepleiadi.it\/wp-content\/uploads\/RESIDENCE-LE-PLEIADI-Appartamenti-Sant-Angelo-ESTERNI-06-1024x683.jpg\" alt=\"\" class=\"wp-image-428\" style=\"aspect-ratio:3\/2\"\/><\/a><\/figure>\n\n\n\n<figure class=\"wp-block-image size-large\"><a href=\"https:\/\/residencelepleiadi.it\/wp-content\/uploads\/RESIDENCE-LE-PLEIADI-Appartamenti-Sant-Angelo-ESTERNI-15.jpg\"><img decoding=\"async\" data-id=\"434\" src=\"https:\/\/residencelepleiadi.it\/wp-content\/uploads\/RESIDENCE-LE-PLEIADI-Appartamenti-Sant-Angelo-ESTERNI-15-1024x683.jpg\" alt=\"\" class=\"wp-image-434\" style=\"aspect-ratio:3\/2\"\/><\/a><\/figure>\n\n\n\n<figure class=\"wp-block-image size-large\"><a href=\"https:\/\/residencelepleiadi.it\/wp-content\/uploads\/RESIDENCE-LE-PLEIADI-Appartamenti-Sant-Angelo-ESTERNI-17.jpg\"><img decoding=\"async\" data-id=\"435\" src=\"https:\/\/residencelepleiadi.it\/wp-content\/uploads\/RESIDENCE-LE-PLEIADI-Appartamenti-Sant-Angelo-ESTERNI-17-1024x683.jpg\" alt=\"\" class=\"wp-image-435\" style=\"aspect-ratio:3\/2\"\/><\/a><\/figure>\n\n\n\n<figure class=\"wp-block-image size-large\"><a href=\"https:\/\/residencelepleiadi.it\/wp-content\/uploads\/RESIDENCE-LE-PLEIADI-Appartamenti-Sant-Angelo-ESTERNI-08.jpg\"><img decoding=\"async\" data-id=\"430\" src=\"https:\/\/residencelepleiadi.it\/wp-content\/uploads\/RESIDENCE-LE-PLEIADI-Appartamenti-Sant-Angelo-ESTERNI-08-1024x683.jpg\" alt=\"\" class=\"wp-image-430\" style=\"aspect-ratio:3\/2\"\/><\/a><\/figure>\n\n\n\n<figure class=\"wp-block-image size-large\"><a href=\"https:\/\/residencelepleiadi.it\/wp-content\/uploads\/RESIDENCE-LE-PLEIADI-Appartamenti-Sant-Angelo-ESTERNI-09.jpg\"><img decoding=\"async\" data-id=\"1024\" src=\"https:\/\/residencelepleiadi.it\/wp-content\/uploads\/RESIDENCE-LE-PLEIADI-Appartamenti-Sant-Angelo-ESTERNI-09-1024x683.jpg\" alt=\"\" class=\"wp-image-1024\" style=\"aspect-ratio:3\/2\"\/><\/a><\/figure>\n\n\n\n<figure class=\"wp-block-image size-large\"><a href=\"https:\/\/residencelepleiadi.it\/wp-content\/uploads\/RESIDENCE-LE-PLEIADI-Appartamenti-Sant-Angelo-ESTERNI-10.jpg\"><img decoding=\"async\" data-id=\"1025\" src=\"https:\/\/residencelepleiadi.it\/wp-content\/uploads\/RESIDENCE-LE-PLEIADI-Appartamenti-Sant-Angelo-ESTERNI-10-1024x683.jpg\" alt=\"\" class=\"wp-image-1025\" style=\"aspect-ratio:3\/2\"\/><\/a><\/figure>\n\n\n\n<figure class=\"wp-block-image size-large\"><a href=\"https:\/\/residencelepleiadi.it\/wp-content\/uploads\/RESIDENCE-LE-PLEIADI-Appartamenti-Sant-Angelo-ESTERNI-13.jpg\"><img decoding=\"async\" data-id=\"432\" src=\"https:\/\/residencelepleiadi.it\/wp-content\/uploads\/RESIDENCE-LE-PLEIADI-Appartamenti-Sant-Angelo-ESTERNI-13-1024x683.jpg\" alt=\"\" class=\"wp-image-432\" style=\"aspect-ratio:3\/2\"\/><\/a><\/figure>\n<\/figure>\n<\/div>\n<\/div>\n\n\n\n<div class=\"wp-block-column is-vertically-aligned-center is-layout-flow wp-block-column-is-layout-flow\" style=\"padding-top:30px;padding-right:30px;padding-bottom:30px;padding-left:30px;flex-basis:50%\">\n<div class=\"wp-block-group has-global-padding is-layout-constrained wp-block-group-is-layout-constrained\">\n<p class=\"fade-in-down has-medium-font-size\">Das Geb\u00e4ude, in dem die Appartements untergebracht sind, befindet sich genau am \u00dcbergang zwischen dem Ortskern von Sant&#8217;Angelo und dem Strand, der die Landenge bis zu dem Inselchen \u201eTorre di S.Angelo\u201c s\u00e4umt.<br>Die Terrassen liegen direkt oberhalb des Meeres und offenbaren einen Blick auf den schier unendlichen Meeresspiegel.<\/p>\n\n\n\n<p class=\"fade-in-down has-medium-font-size\">Die Zimmer sind nach Osten, S\u00fcden sowie Westen ausgerichtet, und bieten somit Licht und Helligkeit von den ersten Morgenstunden bis in den sp\u00e4ten Nachmittag. Von den Appartements mit West-Ausrichtung kann man zusehen, wie die Sonne in einem regelrechten Farbenrausch im Meer versinkt.<\/p>\n<\/div>\n<\/div>\n<\/div>\n<\/section>\n\n\n\n<section class=\"wp-block-group alignfull orkestra-container has-global-padding is-layout-constrained wp-block-group-is-layout-constrained\" style=\"padding-top:var(--wp--preset--spacing--80);padding-bottom:var(--wp--preset--spacing--80)\">\n<div class=\"wp-block-group has-global-padding is-layout-constrained wp-block-group-is-layout-constrained\">\n<p class=\"fade-in-down\">Die Architektur der Appartements ist den einfachen, gerundeten Formen der Mittelmeer-Tradition treu geblieben. Die essentielle und funktionale Einrichtung verzichtet bewusst auf jegliche Dekoration, die von den wichtigsten Elementen dieser Wohnungen ablenken k\u00f6nnte: Meer, Wind, Himmel und Sonne.<\/p>\n\n\n\n<p class=\"fade-in-down\">Das Dorf Sant&#8217;Angelo ist das Juwel der Insel Ischia schlechthin. Der Ort verdankt seine Einzigartigkeit den alten Fischerh\u00e4usern, der quirligen \u201ePiazzetta\u201c mit den Restaurants und Gesch\u00e4ften und der vollkommenen Stille, die ihn umgibt (hier sind weder Autos noch Mopeds erlaubt). Im kleinen, malerischen Hafen liegen die traditionellen Boote der Einheimischen vor Anker, und morgens ist es hier m\u00f6glich, den frisch gefangenen Fisch zu kaufen. Die zwei Str\u00e4nde rechts und links der Langzunge sowie die kleine vulkanische Insel gegen\u00fcber der Piazzetta umrahmen das Dorf.<\/p>\n\n\n\n<p class=\"fade-in-down\">Von der Piazzetta \u2013 dem Dreh- und Angelpunkt der Ortschaft \u2013 zweigen sich gewundene Gassen ab, die in den oberen Teil von Sant&#8217;Angelo f\u00fchren, wo die kleine, alte Kirche von San Michele emporragt, und schlie\u00dflich zum weitl\u00e4ufigsten Strand der Insel, dem Maronti-Strand. Der Weg hierhin verl\u00e4uft mit einem Steilhang zum Meer und bietet einen au\u00dferordentlichen Blick.<\/p>\n\n\n\n<p class=\"fade-in-down\"><strong>Wir weisen unsere gesch\u00e4tzten G\u00e4ste darauf hin, dass Haustiere in unserer Unterkunft nicht gestattet sind.<\/strong><\/p>\n<\/div>\n<\/section>\n\n\n\n<section class=\"wp-block-group alignfull orkestra-container has-global-padding is-layout-constrained wp-container-core-group-is-layout-4d69848d wp-block-group-is-layout-constrained\" style=\"padding-top:var(--wp--preset--spacing--80);padding-bottom:var(--wp--preset--spacing--80)\">\n<h3 class=\"wp-block-heading has-text-align-center fade-in-down has-fraunces-font-family has-x-large-font-size\" style=\"margin-top:0;margin-right:0;margin-bottom:0;margin-left:0\">Appartements<\/h3>\n\n\n\n<div class=\"wp-block-query is-layout-flow wp-block-query-is-layout-flow\"><ul style=\"padding-top:var(--wp--preset--spacing--60);padding-bottom:var(--wp--preset--spacing--60);\" class=\"fade-in-down wp-block-post-template is-layout-grid wp-container-core-post-template-is-layout-3d79fbe4 wp-block-post-template-is-layout-grid\"><li class=\"wp-block-post post-72 page type-page status-publish has-post-thumbnail hentry\">\n\n<div class=\"wp-block-group is-vertical is-layout-flex wp-container-core-group-is-layout-52af95e6 wp-block-group-is-layout-flex\" style=\"padding-top:0;padding-right:0;padding-bottom:0;padding-left:0\"><figure style=\"aspect-ratio:1;\" class=\"wp-block-post-featured-image\"><a href=\"https:\/\/residencelepleiadi.it\/de\/appartements-in-sant-angelo-d-ischia\/zwei-zimmer-appartements-sant-angelo\/\" target=\"_self\"  ><img loading=\"lazy\" decoding=\"async\" width=\"1920\" height=\"1272\" src=\"https:\/\/residencelepleiadi.it\/de\/wp-content\/uploads\/sites\/3\/2026\/03\/RESIDENCE-LE-PLEIADI-Appartamenti-Sant-Angelo-MAESTRALE-02.jpg\" class=\"attachment-post-thumbnail size-post-thumbnail wp-post-image\" alt=\"Zwei-Zimmer-Appartements in Sant&#8217;Angelo\" style=\"width:100%;height:100%;object-fit:cover;\" srcset=\"https:\/\/residencelepleiadi.it\/de\/wp-content\/uploads\/sites\/3\/2026\/03\/RESIDENCE-LE-PLEIADI-Appartamenti-Sant-Angelo-MAESTRALE-02.jpg 1920w, https:\/\/residencelepleiadi.it\/de\/wp-content\/uploads\/sites\/3\/2026\/03\/RESIDENCE-LE-PLEIADI-Appartamenti-Sant-Angelo-MAESTRALE-02-300x199.jpg 300w, https:\/\/residencelepleiadi.it\/de\/wp-content\/uploads\/sites\/3\/2026\/03\/RESIDENCE-LE-PLEIADI-Appartamenti-Sant-Angelo-MAESTRALE-02-1024x678.jpg 1024w, https:\/\/residencelepleiadi.it\/de\/wp-content\/uploads\/sites\/3\/2026\/03\/RESIDENCE-LE-PLEIADI-Appartamenti-Sant-Angelo-MAESTRALE-02-768x509.jpg 768w, https:\/\/residencelepleiadi.it\/de\/wp-content\/uploads\/sites\/3\/2026\/03\/RESIDENCE-LE-PLEIADI-Appartamenti-Sant-Angelo-MAESTRALE-02-1536x1018.jpg 1536w\" sizes=\"auto, (max-width: 1920px) 100vw, 1920px\" \/><\/a><\/figure>\n\n\n<div class=\"wp-block-group has-global-padding is-layout-constrained wp-block-group-is-layout-constrained\"><h3 class=\"wp-block-post-title has-medium-font-size\"><a href=\"https:\/\/residencelepleiadi.it\/de\/appartements-in-sant-angelo-d-ischia\/zwei-zimmer-appartements-sant-angelo\/\" target=\"_self\" >Zwei-Zimmer-Appartements in Sant&#8217;Angelo<\/a><\/h3>\n\n<div class=\"wp-block-post-excerpt has-custom-1-font-size\"><p class=\"wp-block-post-excerpt__excerpt\">Die Appartements wurden k\u00fcrzlich nach Umbau- und Sanierungsma\u00dfnahmen eines antiken Geb\u00e4udes <\/p><\/div><\/div>\n<\/div>\n\n<\/li><li class=\"wp-block-post post-83 page type-page status-publish has-post-thumbnail hentry\">\n\n<div class=\"wp-block-group is-vertical is-layout-flex wp-container-core-group-is-layout-52af95e6 wp-block-group-is-layout-flex\" style=\"padding-top:0;padding-right:0;padding-bottom:0;padding-left:0\"><figure style=\"aspect-ratio:1;\" class=\"wp-block-post-featured-image\"><a href=\"https:\/\/residencelepleiadi.it\/de\/appartements-in-sant-angelo-d-ischia\/ein-zimmer-appartements-sant-angelo\/\" target=\"_self\"  ><img loading=\"lazy\" decoding=\"async\" width=\"1920\" height=\"1280\" src=\"https:\/\/residencelepleiadi.it\/de\/wp-content\/uploads\/sites\/3\/2026\/03\/RESIDENCE-LE-PLEIADI-Appartamenti-Sant-Angelo-SCIROCCO-01.jpg\" class=\"attachment-post-thumbnail size-post-thumbnail wp-post-image\" alt=\"Ein-Zimmer-Appartements in Sant&#8217;Angelo\" style=\"width:100%;height:100%;object-fit:cover;\" srcset=\"https:\/\/residencelepleiadi.it\/de\/wp-content\/uploads\/sites\/3\/2026\/03\/RESIDENCE-LE-PLEIADI-Appartamenti-Sant-Angelo-SCIROCCO-01.jpg 1920w, https:\/\/residencelepleiadi.it\/de\/wp-content\/uploads\/sites\/3\/2026\/03\/RESIDENCE-LE-PLEIADI-Appartamenti-Sant-Angelo-SCIROCCO-01-300x200.jpg 300w, https:\/\/residencelepleiadi.it\/de\/wp-content\/uploads\/sites\/3\/2026\/03\/RESIDENCE-LE-PLEIADI-Appartamenti-Sant-Angelo-SCIROCCO-01-1024x683.jpg 1024w, https:\/\/residencelepleiadi.it\/de\/wp-content\/uploads\/sites\/3\/2026\/03\/RESIDENCE-LE-PLEIADI-Appartamenti-Sant-Angelo-SCIROCCO-01-768x512.jpg 768w, https:\/\/residencelepleiadi.it\/de\/wp-content\/uploads\/sites\/3\/2026\/03\/RESIDENCE-LE-PLEIADI-Appartamenti-Sant-Angelo-SCIROCCO-01-1536x1024.jpg 1536w\" sizes=\"auto, (max-width: 1920px) 100vw, 1920px\" \/><\/a><\/figure>\n\n\n<div class=\"wp-block-group has-global-padding is-layout-constrained wp-block-group-is-layout-constrained\"><h3 class=\"wp-block-post-title has-medium-font-size\"><a href=\"https:\/\/residencelepleiadi.it\/de\/appartements-in-sant-angelo-d-ischia\/ein-zimmer-appartements-sant-angelo\/\" target=\"_self\" >Ein-Zimmer-Appartements in Sant&#8217;Angelo<\/a><\/h3>\n\n<div class=\"wp-block-post-excerpt has-custom-1-font-size\"><p class=\"wp-block-post-excerpt__excerpt\">Die Ein-Zimmer-Appartements f\u00fcr 2 oder 3 Personen <\/p><\/div><\/div>\n<\/div>\n\n<\/li><li class=\"wp-block-post post-91 page type-page status-publish has-post-thumbnail hentry\">\n\n<div class=\"wp-block-group is-vertical is-layout-flex wp-container-core-group-is-layout-52af95e6 wp-block-group-is-layout-flex\" style=\"padding-top:0;padding-right:0;padding-bottom:0;padding-left:0\"><figure style=\"aspect-ratio:1;\" class=\"wp-block-post-featured-image\"><a href=\"https:\/\/residencelepleiadi.it\/de\/appartements-in-sant-angelo-d-ischia\/drei-zimmer-appartements-sant-angelo\/\" target=\"_self\"  ><img loading=\"lazy\" decoding=\"async\" width=\"1920\" height=\"1280\" src=\"https:\/\/residencelepleiadi.it\/de\/wp-content\/uploads\/sites\/3\/2026\/03\/RESIDENCE-LE-PLEIADI-Appartamenti-Sant-Angelo-LIBECCIO-22.jpg\" class=\"attachment-post-thumbnail size-post-thumbnail wp-post-image\" alt=\"Drei-Zimmer-Appartements in Sant&#8217;Angelo\" style=\"width:100%;height:100%;object-fit:cover;\" srcset=\"https:\/\/residencelepleiadi.it\/de\/wp-content\/uploads\/sites\/3\/2026\/03\/RESIDENCE-LE-PLEIADI-Appartamenti-Sant-Angelo-LIBECCIO-22.jpg 1920w, https:\/\/residencelepleiadi.it\/de\/wp-content\/uploads\/sites\/3\/2026\/03\/RESIDENCE-LE-PLEIADI-Appartamenti-Sant-Angelo-LIBECCIO-22-300x200.jpg 300w, https:\/\/residencelepleiadi.it\/de\/wp-content\/uploads\/sites\/3\/2026\/03\/RESIDENCE-LE-PLEIADI-Appartamenti-Sant-Angelo-LIBECCIO-22-1024x683.jpg 1024w, https:\/\/residencelepleiadi.it\/de\/wp-content\/uploads\/sites\/3\/2026\/03\/RESIDENCE-LE-PLEIADI-Appartamenti-Sant-Angelo-LIBECCIO-22-768x512.jpg 768w, https:\/\/residencelepleiadi.it\/de\/wp-content\/uploads\/sites\/3\/2026\/03\/RESIDENCE-LE-PLEIADI-Appartamenti-Sant-Angelo-LIBECCIO-22-1536x1024.jpg 1536w\" sizes=\"auto, (max-width: 1920px) 100vw, 1920px\" \/><\/a><\/figure>\n\n\n<div class=\"wp-block-group has-global-padding is-layout-constrained wp-block-group-is-layout-constrained\"><h3 class=\"wp-block-post-title has-medium-font-size\"><a href=\"https:\/\/residencelepleiadi.it\/de\/appartements-in-sant-angelo-d-ischia\/drei-zimmer-appartements-sant-angelo\/\" target=\"_self\" >Drei-Zimmer-Appartements in Sant&#8217;Angelo<\/a><\/h3>\n\n<div class=\"wp-block-post-excerpt has-custom-1-font-size\"><p class=\"wp-block-post-excerpt__excerpt\">Die Drei-Zimmer-Appartements f\u00fcr 7 Personen <\/p><\/div><\/div>\n<\/div>\n\n<\/li><\/ul>\n\n<\/div>\n<\/section>\n","protected":false},"excerpt":{"rendered":"<p>Die Appartements des Residence Le Pleiadi in Sant&#8217;Angelo, im S\u00fcden der Insel Ischia, genie\u00dfen eine privilegierte Lage.<\/p>\n","protected":false},"author":1,"featured_media":236,"parent":0,"menu_order":0,"comment_status":"closed","ping_status":"closed","template":"","meta":{"footnotes":""},"class_list":["post-66","page","type-page","status-publish","has-post-thumbnail","hentry"],"_links":{"self":[{"href":"https:\/\/residencelepleiadi.it\/de\/wp-json\/wp\/v2\/pages\/66","targetHints":{"allow":["GET"]}}],"collection":[{"href":"https:\/\/residencelepleiadi.it\/de\/wp-json\/wp\/v2\/pages"}],"about":[{"href":"https:\/\/residencelepleiadi.it\/de\/wp-json\/wp\/v2\/types\/page"}],"author":[{"embeddable":true,"href":"https:\/\/residencelepleiadi.it\/de\/wp-json\/wp\/v2\/users\/1"}],"replies":[{"embeddable":true,"href":"https:\/\/residencelepleiadi.it\/de\/wp-json\/wp\/v2\/comments?post=66"}],"version-history":[{"count":4,"href":"https:\/\/residencelepleiadi.it\/de\/wp-json\/wp\/v2\/pages\/66\/revisions"}],"predecessor-version":[{"id":161,"href":"https:\/\/residencelepleiadi.it\/de\/wp-json\/wp\/v2\/pages\/66\/revisions\/161"}],"wp:featuredmedia":[{"embeddable":true,"href":"https:\/\/residencelepleiadi.it\/de\/wp-json\/wp\/v2\/media\/236"}],"wp:attachment":[{"href":"https:\/\/residencelepleiadi.it\/de\/wp-json\/wp\/v2\/media?parent=66"}],"curies":[{"name":"wp","href":"https:\/\/api.w.org\/{rel}","templated":true}]}}