{"id":122,"date":"2026-03-12T12:32:32","date_gmt":"2026-03-12T11:32:32","guid":{"rendered":"https:\/\/staging.residencelepleiadi.it\/de\/?page_id=122"},"modified":"2026-03-18T14:07:57","modified_gmt":"2026-03-18T13:07:57","slug":"residence-ischia","status":"publish","type":"page","link":"https:\/\/residencelepleiadi.it\/de\/residence-ischia\/","title":{"rendered":"Wo Wir Sind"},"content":{"rendered":"\n<section class=\"wp-block-group alignfull orkestra-container has-global-padding is-layout-constrained wp-block-group-is-layout-constrained\" style=\"padding-bottom:var(--wp--preset--spacing--80)\">\n<h2 class=\"wp-block-heading has-text-align-center fade-in-down\">So erreichen Sie uns<\/h2>\n<\/section>\n\n\n\n<section class=\"wp-block-group alignfull orkestra-container has-global-padding is-layout-constrained wp-container-core-group-is-layout-3077fc7c wp-block-group-is-layout-constrained\" style=\"padding-bottom:var(--wp--preset--spacing--80)\">\n<div class=\"wp-block-group fade-in-down has-global-padding is-layout-constrained wp-block-group-is-layout-constrained\">\n<iframe src=\"https:\/\/www.google.com\/maps\/embed?pb=!1m12!1m8!1m3!1d193330.88516109643!2d14.011909!3d40.788519!3m2!1i1024!2i768!4f13.1!2m1!1sresidence%20le%20pleiadi!5e0!3m2!1sit!2sus!4v1769508819528!5m2!1sit!2sus\" width=\"100%\" height=\"450\" style=\"border:0;\" allowfullscreen=\"\" loading=\"lazy\" referrerpolicy=\"no-referrer-when-downgrade\"><\/iframe>\n<\/div>\n\n\n\n<div class=\"wp-block-group is-layout-grid wp-container-core-group-is-layout-250817bd wp-block-group-is-layout-grid\" style=\"padding-top:var(--wp--preset--spacing--60);padding-bottom:var(--wp--preset--spacing--60)\">\n<div class=\"wp-block-group fade-in-down has-global-padding is-layout-constrained wp-container-core-group-is-layout-19e250f3 wp-block-group-is-layout-constrained\">\n<h4 class=\"wp-block-heading\">Vom Flughafen Neapel Capodichino<\/h4>\n\n\n\n<p>Ebenso wie vom Hauptbahnhof Neapel (Piazza Garibaldi) aus k\u00f6nnen Sie die H\u00e4fen Molo Beverello und Calata Porta di Massa mit dem Taxi oder <a href=\"http:\/\/www.anm.it\/s\/alibus\" target=\"_blank\" data-type=\"link\" data-id=\"www.anm.it\/s\/alibus\" rel=\"noreferrer noopener\">dem Linienbus \u201eAlibus\u201c<\/a> erreichen.<\/p>\n<\/div>\n\n\n\n<div class=\"wp-block-group fade-in-down has-global-padding is-layout-constrained wp-container-core-group-is-layout-19e250f3 wp-block-group-is-layout-constrained\">\n<h4 class=\"wp-block-heading\">Dalla stazione ferroviaria di Napoli Centrale (Piazza Garibaldi) <\/h4>\n\n\n\n<p>Mit dem Taxi, den Linienbussen und dem <a href=\"http:\/\/www.anm.it\/s\/alibus\" target=\"_blank\" data-type=\"link\" data-id=\"www.anm.it\/s\/alibus\" rel=\"noreferrer noopener\">Linienbus \u201eAlibus\u201c<\/a> k\u00f6nnen Sie die H\u00e4fen Molo Beverello und Calata Porta di Massa erreichen.<\/p>\n<\/div>\n\n\n\n<div class=\"wp-block-group fade-in-down has-global-padding is-layout-constrained wp-container-core-group-is-layout-19e250f3 wp-block-group-is-layout-constrained\">\n<h4 class=\"wp-block-heading\">Reisende mit dem Auto<\/h4>\n\n\n\n<p>Sie k\u00f6nnen entweder von Calata Porta di Massa oder vom Hafen von Pozzuoli aus mit den F\u00e4hren von Caremar nach Ischia Porto oder mit den F\u00e4hren von Medmar nach Ischia Porto und Casamicciola fahren.<\/p>\n<\/div>\n\n\n\n<div class=\"wp-block-group fade-in-down has-global-padding is-layout-constrained wp-container-core-group-is-layout-19e250f3 wp-block-group-is-layout-constrained\">\n<h4 class=\"wp-block-heading\">Ankunft in Ischia Porto<\/h4>\n\n\n\n<p>Wer mit dem Auto anreist, muss den Schildern nach Casamicciola, Lacco Ameno, Forio, Panza, Succhivo-Sant\u2019Angelo folgen. Wer mit dem Bus anreist, muss die Linie \u201e1\u201c oder \u201eCS\u201c nehmen und an der Haltestelle Succhivo oder an der Endstation Sant\u2019Angelo (Cava Grado) aussteigen.<\/p>\n<\/div>\n<\/div>\n\n\n\n<hr class=\"wp-block-separator has-alpha-channel-opacity fade-in-down\" style=\"margin-top:var(--wp--preset--spacing--70);margin-bottom:var(--wp--preset--spacing--70)\"\/>\n\n\n\n<div class=\"wp-block-buttons fade-in-down is-content-justification-center is-layout-flex wp-container-core-buttons-is-layout-8f232ef1 wp-block-buttons-is-layout-flex\">\n<div class=\"wp-block-button\"><a class=\"wp-block-button__link wp-element-button\" href=\"https:\/\/www.google.it\/maps\/place\/Residence+Le+Pleiadi\/@40.696733,13.8904333,17z\/data=!3m1!4b1!4m2!3m1!1s0x133b41eae9a9a59f:0x31da5e89adb41f11?sa=X&amp;ei=EcWfVe7dLcObsgH2oKroDg&amp;ved=0CJcBEPwSMAo\" target=\"_blank\" rel=\"noreferrer noopener\">Wegbeschreibung nach Sant\u2019Angelo<\/a><\/div>\n\n\n\n<div class=\"wp-block-button\"><a class=\"wp-block-button__link wp-element-button\" href=\"https:\/\/www.google.it\/maps\/place\/Residence+Le+Pleiadi\/@40.7027173,13.8860809,15z\/data=!4m2!3m1!1s0x0:0xeb63587ac905ca02?sa=X&amp;ei=EcWfVe7dLcObsgH2oKroDg&amp;ved=0CJcBEPwSMAo\" target=\"_blank\" rel=\"noreferrer noopener\">Wegbeschreibung nach Succhivo<\/a><\/div>\n<\/div>\n<\/section>\n\n\n\n<section class=\"wp-block-group alignfull orkestra-container has-global-padding is-layout-constrained wp-container-core-group-is-layout-4d69848d wp-block-group-is-layout-constrained\" style=\"padding-top:var(--wp--preset--spacing--80);padding-bottom:var(--wp--preset--spacing--80)\">\n<div class=\"wp-block-query alignwide is-layout-flow wp-block-query-is-layout-flow\"><ul style=\"padding-top:var(--wp--preset--spacing--60);padding-bottom:var(--wp--preset--spacing--60);\" class=\"fade-in-down wp-block-post-template is-layout-grid wp-container-core-post-template-is-layout-37c1d9e2 wp-block-post-template-is-layout-grid\"><li class=\"wp-block-post post-124 page type-page status-publish has-post-thumbnail hentry\">\n\n<div class=\"wp-block-group is-vertical is-layout-flex wp-container-core-group-is-layout-52af95e6 wp-block-group-is-layout-flex\" style=\"padding-top:0;padding-right:0;padding-bottom:0;padding-left:0\"><figure style=\"aspect-ratio:1;\" class=\"wp-block-post-featured-image\"><a href=\"https:\/\/residencelepleiadi.it\/de\/residence-ischia\/transfer-service-ischia\/\" target=\"_self\"><img loading=\"lazy\" decoding=\"async\" width=\"1920\" height=\"1281\" src=\"https:\/\/residencelepleiadi.it\/de\/wp-content\/uploads\/sites\/3\/2026\/03\/RESIDENCE-LE-PLEIADI-Appartamenti-SERVIZIO-TRANSFER-01.jpg\" class=\"attachment-post-thumbnail size-post-thumbnail wp-post-image\" alt=\"Transfer-Service\" style=\"width:100%;height:100%;object-fit:cover;\" srcset=\"https:\/\/residencelepleiadi.it\/de\/wp-content\/uploads\/sites\/3\/2026\/03\/RESIDENCE-LE-PLEIADI-Appartamenti-SERVIZIO-TRANSFER-01.jpg 1920w, https:\/\/residencelepleiadi.it\/de\/wp-content\/uploads\/sites\/3\/2026\/03\/RESIDENCE-LE-PLEIADI-Appartamenti-SERVIZIO-TRANSFER-01-300x200.jpg 300w, https:\/\/residencelepleiadi.it\/de\/wp-content\/uploads\/sites\/3\/2026\/03\/RESIDENCE-LE-PLEIADI-Appartamenti-SERVIZIO-TRANSFER-01-1024x683.jpg 1024w, https:\/\/residencelepleiadi.it\/de\/wp-content\/uploads\/sites\/3\/2026\/03\/RESIDENCE-LE-PLEIADI-Appartamenti-SERVIZIO-TRANSFER-01-768x512.jpg 768w, https:\/\/residencelepleiadi.it\/de\/wp-content\/uploads\/sites\/3\/2026\/03\/RESIDENCE-LE-PLEIADI-Appartamenti-SERVIZIO-TRANSFER-01-1536x1025.jpg 1536w\" sizes=\"auto, (max-width: 1920px) 100vw, 1920px\" \/><\/a><\/figure>\n\n\n<div class=\"wp-block-group has-global-padding is-layout-constrained wp-block-group-is-layout-constrained\"><h3 class=\"wp-block-post-title\"><a href=\"https:\/\/residencelepleiadi.it\/de\/residence-ischia\/transfer-service-ischia\/\" target=\"_self\">Transfer-Service<\/a><\/h3>\n\n\n<hr class=\"wp-block-separator has-alpha-channel-opacity\" style=\"margin-top:var(--wp--preset--spacing--30);margin-bottom:var(--wp--preset--spacing--30)\"\/>\n\n\n<div style=\"font-style:normal;font-weight:500;\" class=\"wp-block-post-excerpt has-small-font-size\"><p class=\"wp-block-post-excerpt__excerpt\">Transfer-Service von Neapel zu den Apartments Le Pleiadi <\/p><\/div><\/div>\n<\/div>\n\n<\/li><li class=\"wp-block-post post-127 page type-page status-publish has-post-thumbnail hentry\">\n\n<div class=\"wp-block-group is-vertical is-layout-flex wp-container-core-group-is-layout-52af95e6 wp-block-group-is-layout-flex\" style=\"padding-top:0;padding-right:0;padding-bottom:0;padding-left:0\"><figure style=\"aspect-ratio:1;\" class=\"wp-block-post-featured-image\"><a href=\"https:\/\/residencelepleiadi.it\/de\/residence-ischia\/thermalgarten-und-meer-ischia\/\" target=\"_self\"><img loading=\"lazy\" decoding=\"async\" width=\"1920\" height=\"1280\" src=\"https:\/\/residencelepleiadi.it\/de\/wp-content\/uploads\/sites\/3\/2026\/03\/RESIDENCE-LE-PLEIADI-Appartamenti-TERME-MARE-01.jpg\" class=\"attachment-post-thumbnail size-post-thumbnail wp-post-image\" alt=\"Thermalg\u00e4rten und Meer\" style=\"width:100%;height:100%;object-fit:cover;\" srcset=\"https:\/\/residencelepleiadi.it\/de\/wp-content\/uploads\/sites\/3\/2026\/03\/RESIDENCE-LE-PLEIADI-Appartamenti-TERME-MARE-01.jpg 1920w, https:\/\/residencelepleiadi.it\/de\/wp-content\/uploads\/sites\/3\/2026\/03\/RESIDENCE-LE-PLEIADI-Appartamenti-TERME-MARE-01-300x200.jpg 300w, https:\/\/residencelepleiadi.it\/de\/wp-content\/uploads\/sites\/3\/2026\/03\/RESIDENCE-LE-PLEIADI-Appartamenti-TERME-MARE-01-1024x683.jpg 1024w, https:\/\/residencelepleiadi.it\/de\/wp-content\/uploads\/sites\/3\/2026\/03\/RESIDENCE-LE-PLEIADI-Appartamenti-TERME-MARE-01-768x512.jpg 768w, https:\/\/residencelepleiadi.it\/de\/wp-content\/uploads\/sites\/3\/2026\/03\/RESIDENCE-LE-PLEIADI-Appartamenti-TERME-MARE-01-1536x1024.jpg 1536w\" sizes=\"auto, (max-width: 1920px) 100vw, 1920px\" \/><\/a><\/figure>\n\n\n<div class=\"wp-block-group has-global-padding is-layout-constrained wp-block-group-is-layout-constrained\"><h3 class=\"wp-block-post-title\"><a href=\"https:\/\/residencelepleiadi.it\/de\/residence-ischia\/thermalgarten-und-meer-ischia\/\" target=\"_self\">Thermalg\u00e4rten und Meer<\/a><\/h3>\n\n\n<hr class=\"wp-block-separator has-alpha-channel-opacity\" style=\"margin-top:var(--wp--preset--spacing--30);margin-bottom:var(--wp--preset--spacing--30)\"\/>\n\n\n<div style=\"font-style:normal;font-weight:500;\" class=\"wp-block-post-excerpt has-small-font-size\"><p class=\"wp-block-post-excerpt__excerpt\">Der warme Atem der Erde <\/p><\/div><\/div>\n<\/div>\n\n<\/li><\/ul>\n\n<\/div>\n<\/section>\n","protected":false},"excerpt":{"rendered":"<p>So erreichen Sie uns Vom Flughafen Neapel Capodichino Ebenso wie vom Hauptbahnhof Neapel (Piazza Garibaldi) aus k\u00f6nnen Sie die H\u00e4fen Molo Beverello und Calata Porta di Massa mit dem Taxi oder dem Linienbus \u201eAlibus\u201c erreichen. Dalla stazione ferroviaria di Napoli Centrale (Piazza Garibaldi) Mit dem Taxi, den Linienbussen und dem Linienbus \u201eAlibus\u201c k\u00f6nnen Sie die [&hellip;]<\/p>\n","protected":false},"author":1,"featured_media":0,"parent":0,"menu_order":0,"comment_status":"closed","ping_status":"closed","template":"pagine-no-cover","meta":{"footnotes":""},"class_list":["post-122","page","type-page","status-publish","hentry"],"_links":{"self":[{"href":"https:\/\/residencelepleiadi.it\/de\/wp-json\/wp\/v2\/pages\/122","targetHints":{"allow":["GET"]}}],"collection":[{"href":"https:\/\/residencelepleiadi.it\/de\/wp-json\/wp\/v2\/pages"}],"about":[{"href":"https:\/\/residencelepleiadi.it\/de\/wp-json\/wp\/v2\/types\/page"}],"author":[{"embeddable":true,"href":"https:\/\/residencelepleiadi.it\/de\/wp-json\/wp\/v2\/users\/1"}],"replies":[{"embeddable":true,"href":"https:\/\/residencelepleiadi.it\/de\/wp-json\/wp\/v2\/comments?post=122"}],"version-history":[{"count":2,"href":"https:\/\/residencelepleiadi.it\/de\/wp-json\/wp\/v2\/pages\/122\/revisions"}],"predecessor-version":[{"id":207,"href":"https:\/\/residencelepleiadi.it\/de\/wp-json\/wp\/v2\/pages\/122\/revisions\/207"}],"wp:attachment":[{"href":"https:\/\/residencelepleiadi.it\/de\/wp-json\/wp\/v2\/media?parent=122"}],"curies":[{"name":"wp","href":"https:\/\/api.w.org\/{rel}","templated":true}]}}