{"id":115,"date":"2026-03-10T14:33:59","date_gmt":"2026-03-10T13:33:59","guid":{"rendered":"https:\/\/staging.residencelepleiadi.it\/de\/?page_id=115"},"modified":"2026-03-25T14:18:09","modified_gmt":"2026-03-25T13:18:09","slug":"merope","status":"publish","type":"page","link":"https:\/\/residencelepleiadi.it\/de\/appartements-succhivo-ischia\/ein-zimmer-appartements-succhivo\/merope\/","title":{"rendered":"Merope"},"content":{"rendered":"\n<section class=\"wp-block-group alignfull orkestra-container has-global-padding is-layout-constrained wp-block-group-is-layout-constrained\" style=\"padding-top:var(--wp--preset--spacing--80);padding-bottom:var(--wp--preset--spacing--80)\">\n<h2 class=\"wp-block-heading fade-in-down\">Ein-Zimmer-Appartement f\u00fcr <strong>2\u20133 Personen<\/strong><\/h2>\n\n\n\n<p class=\"fade-in-down\">Das Appartement kann zwei oder drei Personen aufnehmen und verf\u00fcgt \u00fcber ein Doppelbett, Kochnische, Schlafsofa f\u00fcr eine Person, Badezimmer mit Dusche, gro\u00dfz\u00fcgige Terrasse mit Ausblick und Barbecue.<\/p>\n<\/section>\n\n\n\n<section class=\"wp-block-group alignfull orkestra-gallery-container fade-in has-background has-global-padding is-layout-constrained wp-container-core-group-is-layout-4d322689 wp-block-group-is-layout-constrained\" style=\"background-color:#ffbb00c7;padding-top:var(--wp--preset--spacing--80);padding-bottom:var(--wp--preset--spacing--80)\">\n<figure class=\"wp-block-gallery has-nested-images columns-default is-cropped orkestra-gallery wp-block-gallery-1 is-layout-flex wp-block-gallery-is-layout-flex\">\n<figure class=\"wp-block-image size-full\"><a href=\"https:\/\/residencelepleiadi.it\/wp-content\/uploads\/RESIDENCE-LE-PLEIADI-Appartamenti-Succhivo-MEROPE-01.jpg\"><img decoding=\"async\" data-id=\"483\" src=\"https:\/\/residencelepleiadi.it\/wp-content\/uploads\/RESIDENCE-LE-PLEIADI-Appartamenti-Succhivo-MEROPE-01.jpg\" alt=\"\" class=\"wp-image-483\"\/><\/a><\/figure>\n\n\n\n<figure class=\"wp-block-image size-full\"><a href=\"https:\/\/residencelepleiadi.it\/wp-content\/uploads\/RESIDENCE-LE-PLEIADI-Appartamenti-Succhivo-MEROPE-02.jpg\"><img decoding=\"async\" data-id=\"484\" src=\"https:\/\/residencelepleiadi.it\/wp-content\/uploads\/RESIDENCE-LE-PLEIADI-Appartamenti-Succhivo-MEROPE-02.jpg\" alt=\"\" class=\"wp-image-484\"\/><\/a><\/figure>\n\n\n\n<figure class=\"wp-block-image size-full\"><a href=\"https:\/\/residencelepleiadi.it\/wp-content\/uploads\/RESIDENCE-LE-PLEIADI-Appartamenti-Succhivo-MEROPE-05.jpg\"><img decoding=\"async\" data-id=\"487\" src=\"https:\/\/residencelepleiadi.it\/wp-content\/uploads\/RESIDENCE-LE-PLEIADI-Appartamenti-Succhivo-MEROPE-05.jpg\" alt=\"\" class=\"wp-image-487\"\/><\/a><\/figure>\n\n\n\n<figure class=\"wp-block-image size-full\"><a href=\"https:\/\/residencelepleiadi.it\/wp-content\/uploads\/RESIDENCE-LE-PLEIADI-Appartamenti-Succhivo-MEROPE-03.jpg\"><img decoding=\"async\" data-id=\"485\" src=\"https:\/\/residencelepleiadi.it\/wp-content\/uploads\/RESIDENCE-LE-PLEIADI-Appartamenti-Succhivo-MEROPE-03.jpg\" alt=\"\" class=\"wp-image-485\"\/><\/a><\/figure>\n\n\n\n<figure class=\"wp-block-image size-full\"><a href=\"https:\/\/residencelepleiadi.it\/wp-content\/uploads\/RESIDENCE-LE-PLEIADI-Appartamenti-Succhivo-MEROPE-06.jpg\"><img decoding=\"async\" data-id=\"1037\" src=\"https:\/\/residencelepleiadi.it\/wp-content\/uploads\/RESIDENCE-LE-PLEIADI-Appartamenti-Succhivo-MEROPE-06.jpg\" alt=\"\" class=\"wp-image-1037\"\/><\/a><\/figure>\n\n\n\n<figure class=\"wp-block-image size-full\"><a href=\"https:\/\/residencelepleiadi.it\/wp-content\/uploads\/RESIDENCE-LE-PLEIADI-Appartamenti-Succhivo-MEROPE-04.jpg\"><img decoding=\"async\" data-id=\"486\" src=\"https:\/\/residencelepleiadi.it\/wp-content\/uploads\/RESIDENCE-LE-PLEIADI-Appartamenti-Succhivo-MEROPE-04.jpg\" alt=\"\" class=\"wp-image-486\"\/><\/a><\/figure>\n\n\n\n<figure class=\"wp-block-image size-full\"><a href=\"https:\/\/residencelepleiadi.it\/wp-content\/uploads\/RESIDENCE-LE-PLEIADI-Appartamenti-Succhivo-MEROPE-07.jpg\"><img decoding=\"async\" data-id=\"1038\" src=\"https:\/\/residencelepleiadi.it\/wp-content\/uploads\/RESIDENCE-LE-PLEIADI-Appartamenti-Succhivo-MEROPE-07.jpg\" alt=\"\" class=\"wp-image-1038\"\/><\/a><\/figure>\n\n\n\n<figure class=\"wp-block-image size-full\"><a href=\"https:\/\/residencelepleiadi.it\/wp-content\/uploads\/RESIDENCE-LE-PLEIADI-Appartamenti-Succhivo-MEROPE-08.jpg\"><img decoding=\"async\" data-id=\"1039\" src=\"https:\/\/residencelepleiadi.it\/wp-content\/uploads\/RESIDENCE-LE-PLEIADI-Appartamenti-Succhivo-MEROPE-08.jpg\" alt=\"\" class=\"wp-image-1039\"\/><\/a><\/figure>\n<\/figure>\n<\/section>\n\n\n\n<section class=\"wp-block-group alignfull orkestra-container has-global-padding is-layout-constrained wp-block-group-is-layout-constrained\" style=\"padding-top:var(--wp--preset--spacing--80);padding-bottom:var(--wp--preset--spacing--80)\">\n<div class=\"wp-block-group fade-in-down has-medium-font-size has-global-padding is-layout-constrained wp-block-group-is-layout-constrained\">\n<hr class=\"wp-block-separator has-alpha-channel-opacity\" style=\"margin-top:var(--wp--preset--spacing--60);margin-bottom:var(--wp--preset--spacing--60)\"\/>\n\n\n\n<div class=\"wp-block-group has-global-padding is-layout-constrained wp-block-group-is-layout-constrained\">\n<ul class=\"wp-block-list orkestra-fancy-list\">\n<li>Studio-Apartment<\/li>\n\n\n\n<li>21 m\u00b2<\/li>\n\n\n\n<li>3 G\u00e4ste<\/li>\n\n\n\n<li>Kochnische<\/li>\n\n\n\n<li>Badezimmer mit Dusche<\/li>\n\n\n\n<li>Terrasse mit Blick auf den Garten und das Meer<\/li>\n\n\n\n<li>Grill<\/li>\n\n\n\n<li>Nutzung von Pool und Sonnenterrasse<\/li>\n\n\n\n<li>Flachbildfernseher<\/li>\n\n\n\n<li>Klimaanlage<\/li>\n\n\n\n<li>Kostenloses WLAN<\/li>\n<\/ul>\n<\/div>\n\n\n\n<hr class=\"wp-block-separator has-alpha-channel-opacity\" style=\"margin-top:var(--wp--preset--spacing--70);margin-bottom:var(--wp--preset--spacing--70)\"\/>\n<\/div>\n\n\n\n<div class=\"wp-block-columns is-layout-flex wp-container-core-columns-is-layout-fa584acd wp-block-columns-is-layout-flex\">\n<div class=\"wp-block-column fade-in-down is-layout-flow wp-block-column-is-layout-flow\">\n<div class=\"wp-block-group has-border-color has-custom-light-gold-border-color has-global-padding is-layout-constrained wp-container-core-group-is-layout-52009084 wp-block-group-is-layout-constrained\" style=\"border-width:1px;padding-top:var(--wp--preset--spacing--40);padding-right:var(--wp--preset--spacing--40);padding-bottom:var(--wp--preset--spacing--40);padding-left:var(--wp--preset--spacing--40)\">\n<figure class=\"wp-block-image size-full\"><a href=\"https:\/\/residencelepleiadi.it\/wp-content\/uploads\/Merope-thumb.jpg\"><img decoding=\"async\" src=\"https:\/\/residencelepleiadi.it\/wp-content\/uploads\/Merope-thumb.jpg\" alt=\"\" class=\"wp-image-482\"\/><\/a><\/figure>\n<\/div>\n<\/div>\n\n\n\n<div class=\"wp-block-column fade-in-down is-layout-flow wp-block-column-is-layout-flow\">\n<div class=\"wp-block-columns is-not-stacked-on-mobile is-layout-flex wp-container-core-columns-is-layout-cbe57604 wp-block-columns-is-layout-flex\">\n<div class=\"wp-block-column is-layout-flow wp-block-column-is-layout-flow\">\n<h4 class=\"wp-block-heading\">Preise<\/h4>\n<\/div>\n\n\n\n<div class=\"wp-block-column is-layout-flow wp-block-column-is-layout-flow\">\n<p class=\"has-text-align-right\">min<\/p>\n\n\n\n<p class=\"has-text-align-right\"><strong>\u20ac 80,00<\/strong><\/p>\n<\/div>\n\n\n\n<div class=\"wp-block-column is-layout-flow wp-block-column-is-layout-flow\">\n<p class=\"has-text-align-right\">max<\/p>\n\n\n\n<p class=\"has-text-align-right\"><strong>\u20ac 130,00<\/strong><\/p>\n<\/div>\n<\/div>\n\n\n\n<hr class=\"wp-block-separator has-alpha-channel-opacity\" style=\"margin-top:var(--wp--preset--spacing--50);margin-bottom:var(--wp--preset--spacing--50)\"\/>\n\n\n\n<p>Die Preise beziehen sich auf die Tageskosten f\u00fcr die Wohnung und beinhalten Steuern und Energiekosten.<\/p>\n<\/div>\n\n\n\n<div class=\"wp-block-column fade-in-down is-layout-flow wp-block-column-is-layout-flow\">\n<h4 class=\"wp-block-heading\">Nebenkosten<\/h4>\n\n\n\n<p><br><strong>Endreinigung der Wohnung bei Abreise:<\/strong><\/p>\n\n\n\n<ul class=\"wp-block-list\">\n<li>Einzimmerwohnungen: 30,00 \u20ac<\/li>\n\n\n\n<li>Zweizimmerwohnungen: 40,00 \u20ac<\/li>\n\n\n\n<li>Wohnungen \u201eMaestrale\u201c und \u201eLibeccio\u201c: 50 \u20ac.<\/li>\n<\/ul>\n\n\n\n<p><strong>Kurtaxe:<\/strong> 2 Euro pro Person f\u00fcr die ersten 7 Tage des Aufenthalts (Kinder unter 18 Jahren sind davon ausgenommen).<\/p>\n<\/div>\n<\/div>\n\n\n\n<div class=\"wp-block-buttons fade-in-down is-content-justification-center is-layout-flex wp-container-core-buttons-is-layout-a89b3969 wp-block-buttons-is-layout-flex\">\n<div class=\"wp-block-button\"><a class=\"wp-block-button__link wp-element-button\" href=\"http:\/\/residencelepleiadi.kross.travel\/\" target=\"_blank\" rel=\"noreferrer noopener\">JETZT BUCHEN<\/a><\/div>\n<\/div>\n<\/section>\n\n\n\n<section class=\"wp-block-group alignfull orkestra-scrollable-container has-global-padding is-layout-constrained wp-container-core-group-is-layout-4d69848d wp-block-group-is-layout-constrained\" style=\"padding-top:var(--wp--preset--spacing--80);padding-bottom:var(--wp--preset--spacing--80)\">\n<h3 class=\"wp-block-heading has-text-align-center fade-in-down has-fraunces-font-family has-x-large-font-size\" style=\"margin-top:0;margin-right:0;margin-bottom:0;margin-left:0\">Appartements<\/h3>\n\n\n\n<div class=\"wp-block-query is-layout-flow wp-block-query-is-layout-flow\"><ul style=\"padding-top:var(--wp--preset--spacing--60);padding-bottom:var(--wp--preset--spacing--60);\" class=\"orkestra-scrollable-mobile-only fade-in-down wp-block-post-template is-layout-grid wp-container-core-post-template-is-layout-3d79fbe4 wp-block-post-template-is-layout-grid\"><li class=\"wp-block-post post-115 page type-page status-publish has-post-thumbnail hentry\">\n\n<div class=\"wp-block-group has-global-padding is-layout-constrained wp-container-core-group-is-layout-bd15b7c8 wp-block-group-is-layout-constrained\" style=\"padding-top:0;padding-right:0;padding-bottom:0;padding-left:0\"><figure style=\"aspect-ratio:1;\" class=\"wp-block-post-featured-image\"><a href=\"https:\/\/residencelepleiadi.it\/de\/appartements-succhivo-ischia\/ein-zimmer-appartements-succhivo\/merope\/\" target=\"_self\"><img loading=\"lazy\" decoding=\"async\" width=\"1920\" height=\"1280\" src=\"https:\/\/residencelepleiadi.it\/de\/wp-content\/uploads\/sites\/3\/2026\/03\/RESIDENCE-LE-PLEIADI-Appartamenti-Succhivo-MEROPE-01.jpg\" class=\"attachment-post-thumbnail size-post-thumbnail wp-post-image\" alt=\"Merope\" style=\"width:100%;height:100%;object-fit:cover;\" srcset=\"https:\/\/residencelepleiadi.it\/de\/wp-content\/uploads\/sites\/3\/2026\/03\/RESIDENCE-LE-PLEIADI-Appartamenti-Succhivo-MEROPE-01.jpg 1920w, https:\/\/residencelepleiadi.it\/de\/wp-content\/uploads\/sites\/3\/2026\/03\/RESIDENCE-LE-PLEIADI-Appartamenti-Succhivo-MEROPE-01-300x200.jpg 300w, https:\/\/residencelepleiadi.it\/de\/wp-content\/uploads\/sites\/3\/2026\/03\/RESIDENCE-LE-PLEIADI-Appartamenti-Succhivo-MEROPE-01-1024x683.jpg 1024w, https:\/\/residencelepleiadi.it\/de\/wp-content\/uploads\/sites\/3\/2026\/03\/RESIDENCE-LE-PLEIADI-Appartamenti-Succhivo-MEROPE-01-768x512.jpg 768w, https:\/\/residencelepleiadi.it\/de\/wp-content\/uploads\/sites\/3\/2026\/03\/RESIDENCE-LE-PLEIADI-Appartamenti-Succhivo-MEROPE-01-1536x1024.jpg 1536w\" sizes=\"auto, (max-width: 1920px) 100vw, 1920px\" \/><\/a><\/figure>\n\n\n<div class=\"wp-block-group has-global-padding is-layout-constrained wp-block-group-is-layout-constrained\"><h3 class=\"wp-block-post-title\"><a href=\"https:\/\/residencelepleiadi.it\/de\/appartements-succhivo-ischia\/ein-zimmer-appartements-succhivo\/merope\/\" target=\"_self\">Merope<\/a><\/h3>\n\n\n<hr class=\"wp-block-separator has-alpha-channel-opacity\" style=\"margin-top:var(--wp--preset--spacing--30);margin-bottom:var(--wp--preset--spacing--30)\"\/>\n\n\n<div style=\"font-style:normal;font-weight:500;\" class=\"wp-block-post-excerpt has-small-font-size\"><p class=\"wp-block-post-excerpt__excerpt\">Ein-Zimmer-Appartement f\u00fcr 2\u20133 Personen <\/p><\/div><\/div>\n<\/div>\n\n<\/li><li class=\"wp-block-post post-103 page type-page status-publish has-post-thumbnail hentry\">\n\n<div class=\"wp-block-group has-global-padding is-layout-constrained wp-container-core-group-is-layout-bd15b7c8 wp-block-group-is-layout-constrained\" style=\"padding-top:0;padding-right:0;padding-bottom:0;padding-left:0\"><figure style=\"aspect-ratio:1;\" class=\"wp-block-post-featured-image\"><a href=\"https:\/\/residencelepleiadi.it\/de\/appartements-succhivo-ischia\/zwei-zimmer-appartements-in-succhivo\/alcione\/\" target=\"_self\"><img loading=\"lazy\" decoding=\"async\" width=\"1920\" height=\"1280\" src=\"https:\/\/residencelepleiadi.it\/de\/wp-content\/uploads\/sites\/3\/2026\/03\/RESIDENCE-LE-PLEIADI-Appartamenti-Succhivo-ALCIONE-01.jpg\" class=\"attachment-post-thumbnail size-post-thumbnail wp-post-image\" alt=\"Alcione\" style=\"width:100%;height:100%;object-fit:cover;\" srcset=\"https:\/\/residencelepleiadi.it\/de\/wp-content\/uploads\/sites\/3\/2026\/03\/RESIDENCE-LE-PLEIADI-Appartamenti-Succhivo-ALCIONE-01.jpg 1920w, https:\/\/residencelepleiadi.it\/de\/wp-content\/uploads\/sites\/3\/2026\/03\/RESIDENCE-LE-PLEIADI-Appartamenti-Succhivo-ALCIONE-01-300x200.jpg 300w, https:\/\/residencelepleiadi.it\/de\/wp-content\/uploads\/sites\/3\/2026\/03\/RESIDENCE-LE-PLEIADI-Appartamenti-Succhivo-ALCIONE-01-1024x683.jpg 1024w, https:\/\/residencelepleiadi.it\/de\/wp-content\/uploads\/sites\/3\/2026\/03\/RESIDENCE-LE-PLEIADI-Appartamenti-Succhivo-ALCIONE-01-768x512.jpg 768w, https:\/\/residencelepleiadi.it\/de\/wp-content\/uploads\/sites\/3\/2026\/03\/RESIDENCE-LE-PLEIADI-Appartamenti-Succhivo-ALCIONE-01-1536x1024.jpg 1536w\" sizes=\"auto, (max-width: 1920px) 100vw, 1920px\" \/><\/a><\/figure>\n\n\n<div class=\"wp-block-group has-global-padding is-layout-constrained wp-block-group-is-layout-constrained\"><h3 class=\"wp-block-post-title\"><a href=\"https:\/\/residencelepleiadi.it\/de\/appartements-succhivo-ischia\/zwei-zimmer-appartements-in-succhivo\/alcione\/\" target=\"_self\">Alcione<\/a><\/h3>\n\n\n<hr class=\"wp-block-separator has-alpha-channel-opacity\" style=\"margin-top:var(--wp--preset--spacing--30);margin-bottom:var(--wp--preset--spacing--30)\"\/>\n\n\n<div style=\"font-style:normal;font-weight:500;\" class=\"wp-block-post-excerpt has-small-font-size\"><p class=\"wp-block-post-excerpt__excerpt\">Zwei-Zimmer-Appartements f\u00fcr 5 Personen <\/p><\/div><\/div>\n<\/div>\n\n<\/li><li class=\"wp-block-post post-111 page type-page status-publish has-post-thumbnail hentry\">\n\n<div class=\"wp-block-group has-global-padding is-layout-constrained wp-container-core-group-is-layout-bd15b7c8 wp-block-group-is-layout-constrained\" style=\"padding-top:0;padding-right:0;padding-bottom:0;padding-left:0\"><figure style=\"aspect-ratio:1;\" class=\"wp-block-post-featured-image\"><a href=\"https:\/\/residencelepleiadi.it\/de\/appartements-succhivo-ischia\/zwei-zimmer-appartements-in-succhivo\/taigeta\/\" target=\"_self\"><img loading=\"lazy\" decoding=\"async\" width=\"1920\" height=\"1278\" src=\"https:\/\/residencelepleiadi.it\/de\/wp-content\/uploads\/sites\/3\/2026\/03\/RESIDENCE-LE-PLEIADI-Appartamenti-Succhivo-TAIGETE-07.jpg\" class=\"attachment-post-thumbnail size-post-thumbnail wp-post-image\" alt=\"Taigeta\" style=\"width:100%;height:100%;object-fit:cover;\" srcset=\"https:\/\/residencelepleiadi.it\/de\/wp-content\/uploads\/sites\/3\/2026\/03\/RESIDENCE-LE-PLEIADI-Appartamenti-Succhivo-TAIGETE-07.jpg 1920w, https:\/\/residencelepleiadi.it\/de\/wp-content\/uploads\/sites\/3\/2026\/03\/RESIDENCE-LE-PLEIADI-Appartamenti-Succhivo-TAIGETE-07-300x200.jpg 300w, https:\/\/residencelepleiadi.it\/de\/wp-content\/uploads\/sites\/3\/2026\/03\/RESIDENCE-LE-PLEIADI-Appartamenti-Succhivo-TAIGETE-07-1024x682.jpg 1024w, https:\/\/residencelepleiadi.it\/de\/wp-content\/uploads\/sites\/3\/2026\/03\/RESIDENCE-LE-PLEIADI-Appartamenti-Succhivo-TAIGETE-07-768x511.jpg 768w, https:\/\/residencelepleiadi.it\/de\/wp-content\/uploads\/sites\/3\/2026\/03\/RESIDENCE-LE-PLEIADI-Appartamenti-Succhivo-TAIGETE-07-1536x1022.jpg 1536w\" sizes=\"auto, (max-width: 1920px) 100vw, 1920px\" \/><\/a><\/figure>\n\n\n<div class=\"wp-block-group has-global-padding is-layout-constrained wp-block-group-is-layout-constrained\"><h3 class=\"wp-block-post-title\"><a href=\"https:\/\/residencelepleiadi.it\/de\/appartements-succhivo-ischia\/zwei-zimmer-appartements-in-succhivo\/taigeta\/\" target=\"_self\">Taigeta<\/a><\/h3>\n\n\n<hr class=\"wp-block-separator has-alpha-channel-opacity\" style=\"margin-top:var(--wp--preset--spacing--30);margin-bottom:var(--wp--preset--spacing--30)\"\/>\n\n\n<div style=\"font-style:normal;font-weight:500;\" class=\"wp-block-post-excerpt has-small-font-size\"><p class=\"wp-block-post-excerpt__excerpt\">Zwei-Zimmer-Appartements f\u00fcr 5 Personen <\/p><\/div><\/div>\n<\/div>\n\n<\/li><li class=\"wp-block-post post-109 page type-page status-publish has-post-thumbnail hentry\">\n\n<div class=\"wp-block-group has-global-padding is-layout-constrained wp-container-core-group-is-layout-bd15b7c8 wp-block-group-is-layout-constrained\" style=\"padding-top:0;padding-right:0;padding-bottom:0;padding-left:0\"><figure style=\"aspect-ratio:1;\" class=\"wp-block-post-featured-image\"><a href=\"https:\/\/residencelepleiadi.it\/de\/appartements-succhivo-ischia\/zwei-zimmer-appartements-in-succhivo\/maia\/\" target=\"_self\"><img loading=\"lazy\" decoding=\"async\" width=\"1920\" height=\"1278\" src=\"https:\/\/residencelepleiadi.it\/de\/wp-content\/uploads\/sites\/3\/2026\/03\/RESIDENCE-LE-PLEIADI-Appartamenti-Succhivo-MAIA-01.jpg\" class=\"attachment-post-thumbnail size-post-thumbnail wp-post-image\" alt=\"Maia\" style=\"width:100%;height:100%;object-fit:cover;\" srcset=\"https:\/\/residencelepleiadi.it\/de\/wp-content\/uploads\/sites\/3\/2026\/03\/RESIDENCE-LE-PLEIADI-Appartamenti-Succhivo-MAIA-01.jpg 1920w, https:\/\/residencelepleiadi.it\/de\/wp-content\/uploads\/sites\/3\/2026\/03\/RESIDENCE-LE-PLEIADI-Appartamenti-Succhivo-MAIA-01-300x200.jpg 300w, https:\/\/residencelepleiadi.it\/de\/wp-content\/uploads\/sites\/3\/2026\/03\/RESIDENCE-LE-PLEIADI-Appartamenti-Succhivo-MAIA-01-1024x682.jpg 1024w, https:\/\/residencelepleiadi.it\/de\/wp-content\/uploads\/sites\/3\/2026\/03\/RESIDENCE-LE-PLEIADI-Appartamenti-Succhivo-MAIA-01-768x511.jpg 768w, https:\/\/residencelepleiadi.it\/de\/wp-content\/uploads\/sites\/3\/2026\/03\/RESIDENCE-LE-PLEIADI-Appartamenti-Succhivo-MAIA-01-1536x1022.jpg 1536w\" sizes=\"auto, (max-width: 1920px) 100vw, 1920px\" \/><\/a><\/figure>\n\n\n<div class=\"wp-block-group has-global-padding is-layout-constrained wp-block-group-is-layout-constrained\"><h3 class=\"wp-block-post-title\"><a href=\"https:\/\/residencelepleiadi.it\/de\/appartements-succhivo-ischia\/zwei-zimmer-appartements-in-succhivo\/maia\/\" target=\"_self\">Maia<\/a><\/h3>\n\n\n<hr class=\"wp-block-separator has-alpha-channel-opacity\" style=\"margin-top:var(--wp--preset--spacing--30);margin-bottom:var(--wp--preset--spacing--30)\"\/>\n\n\n<div style=\"font-style:normal;font-weight:500;\" class=\"wp-block-post-excerpt has-small-font-size\"><p class=\"wp-block-post-excerpt__excerpt\">Zwei-Zimmer-Appartements f\u00fcr 5 Personen <\/p><\/div><\/div>\n<\/div>\n\n<\/li><li class=\"wp-block-post post-105 page type-page status-publish has-post-thumbnail hentry\">\n\n<div class=\"wp-block-group has-global-padding is-layout-constrained wp-container-core-group-is-layout-bd15b7c8 wp-block-group-is-layout-constrained\" style=\"padding-top:0;padding-right:0;padding-bottom:0;padding-left:0\"><figure style=\"aspect-ratio:1;\" class=\"wp-block-post-featured-image\"><a href=\"https:\/\/residencelepleiadi.it\/de\/appartements-succhivo-ischia\/zwei-zimmer-appartements-in-succhivo\/asterope\/\" target=\"_self\"><img loading=\"lazy\" decoding=\"async\" width=\"1920\" height=\"1278\" src=\"https:\/\/residencelepleiadi.it\/de\/wp-content\/uploads\/sites\/3\/2026\/03\/RESIDENCE-LE-PLEIADI-Appartamenti-Succhivo-ASTEROPE-01.jpg\" class=\"attachment-post-thumbnail size-post-thumbnail wp-post-image\" alt=\"Asterope\" style=\"width:100%;height:100%;object-fit:cover;\" srcset=\"https:\/\/residencelepleiadi.it\/de\/wp-content\/uploads\/sites\/3\/2026\/03\/RESIDENCE-LE-PLEIADI-Appartamenti-Succhivo-ASTEROPE-01.jpg 1920w, https:\/\/residencelepleiadi.it\/de\/wp-content\/uploads\/sites\/3\/2026\/03\/RESIDENCE-LE-PLEIADI-Appartamenti-Succhivo-ASTEROPE-01-300x200.jpg 300w, https:\/\/residencelepleiadi.it\/de\/wp-content\/uploads\/sites\/3\/2026\/03\/RESIDENCE-LE-PLEIADI-Appartamenti-Succhivo-ASTEROPE-01-1024x682.jpg 1024w, https:\/\/residencelepleiadi.it\/de\/wp-content\/uploads\/sites\/3\/2026\/03\/RESIDENCE-LE-PLEIADI-Appartamenti-Succhivo-ASTEROPE-01-768x511.jpg 768w, https:\/\/residencelepleiadi.it\/de\/wp-content\/uploads\/sites\/3\/2026\/03\/RESIDENCE-LE-PLEIADI-Appartamenti-Succhivo-ASTEROPE-01-1536x1022.jpg 1536w\" sizes=\"auto, (max-width: 1920px) 100vw, 1920px\" \/><\/a><\/figure>\n\n\n<div class=\"wp-block-group has-global-padding is-layout-constrained wp-block-group-is-layout-constrained\"><h3 class=\"wp-block-post-title\"><a href=\"https:\/\/residencelepleiadi.it\/de\/appartements-succhivo-ischia\/zwei-zimmer-appartements-in-succhivo\/asterope\/\" target=\"_self\">Asterope<\/a><\/h3>\n\n\n<hr class=\"wp-block-separator has-alpha-channel-opacity\" style=\"margin-top:var(--wp--preset--spacing--30);margin-bottom:var(--wp--preset--spacing--30)\"\/>\n\n\n<div style=\"font-style:normal;font-weight:500;\" class=\"wp-block-post-excerpt has-small-font-size\"><p class=\"wp-block-post-excerpt__excerpt\">Zwei-Zimmer-Appartements f\u00fcr 4 Personen <\/p><\/div><\/div>\n<\/div>\n\n<\/li><li class=\"wp-block-post post-107 page type-page status-publish has-post-thumbnail hentry\">\n\n<div class=\"wp-block-group has-global-padding is-layout-constrained wp-container-core-group-is-layout-bd15b7c8 wp-block-group-is-layout-constrained\" style=\"padding-top:0;padding-right:0;padding-bottom:0;padding-left:0\"><figure style=\"aspect-ratio:1;\" class=\"wp-block-post-featured-image\"><a href=\"https:\/\/residencelepleiadi.it\/de\/appartements-succhivo-ischia\/zwei-zimmer-appartements-in-succhivo\/celeno\/\" target=\"_self\"><img loading=\"lazy\" decoding=\"async\" width=\"1920\" height=\"1278\" src=\"https:\/\/residencelepleiadi.it\/de\/wp-content\/uploads\/sites\/3\/2026\/03\/RESIDENCE-LE-PLEIADI-Appartamenti-Succhivo-CELENO-05.jpg\" class=\"attachment-post-thumbnail size-post-thumbnail wp-post-image\" alt=\"Celeno\" style=\"width:100%;height:100%;object-fit:cover;\" srcset=\"https:\/\/residencelepleiadi.it\/de\/wp-content\/uploads\/sites\/3\/2026\/03\/RESIDENCE-LE-PLEIADI-Appartamenti-Succhivo-CELENO-05.jpg 1920w, https:\/\/residencelepleiadi.it\/de\/wp-content\/uploads\/sites\/3\/2026\/03\/RESIDENCE-LE-PLEIADI-Appartamenti-Succhivo-CELENO-05-300x200.jpg 300w, https:\/\/residencelepleiadi.it\/de\/wp-content\/uploads\/sites\/3\/2026\/03\/RESIDENCE-LE-PLEIADI-Appartamenti-Succhivo-CELENO-05-1024x682.jpg 1024w, https:\/\/residencelepleiadi.it\/de\/wp-content\/uploads\/sites\/3\/2026\/03\/RESIDENCE-LE-PLEIADI-Appartamenti-Succhivo-CELENO-05-768x511.jpg 768w, https:\/\/residencelepleiadi.it\/de\/wp-content\/uploads\/sites\/3\/2026\/03\/RESIDENCE-LE-PLEIADI-Appartamenti-Succhivo-CELENO-05-1536x1022.jpg 1536w\" sizes=\"auto, (max-width: 1920px) 100vw, 1920px\" \/><\/a><\/figure>\n\n\n<div class=\"wp-block-group has-global-padding is-layout-constrained wp-block-group-is-layout-constrained\"><h3 class=\"wp-block-post-title\"><a href=\"https:\/\/residencelepleiadi.it\/de\/appartements-succhivo-ischia\/zwei-zimmer-appartements-in-succhivo\/celeno\/\" target=\"_self\">Celeno<\/a><\/h3>\n\n\n<hr class=\"wp-block-separator has-alpha-channel-opacity\" style=\"margin-top:var(--wp--preset--spacing--30);margin-bottom:var(--wp--preset--spacing--30)\"\/>\n\n\n<div style=\"font-style:normal;font-weight:500;\" class=\"wp-block-post-excerpt has-small-font-size\"><p class=\"wp-block-post-excerpt__excerpt\">Zwei-Zimmer-Appartements f\u00fcr 4 Personen <\/p><\/div><\/div>\n<\/div>\n\n<\/li><\/ul>\n\n<\/div>\n<\/section>\n","protected":false},"excerpt":{"rendered":"<p>Ein-Zimmer-Appartement f\u00fcr <strong>2\u20133 Personen<\/strong><\/p>\n","protected":false},"author":1,"featured_media":254,"parent":113,"menu_order":1,"comment_status":"closed","ping_status":"closed","template":"","meta":{"footnotes":""},"class_list":["post-115","page","type-page","status-publish","has-post-thumbnail","hentry"],"_links":{"self":[{"href":"https:\/\/residencelepleiadi.it\/de\/wp-json\/wp\/v2\/pages\/115","targetHints":{"allow":["GET"]}}],"collection":[{"href":"https:\/\/residencelepleiadi.it\/de\/wp-json\/wp\/v2\/pages"}],"about":[{"href":"https:\/\/residencelepleiadi.it\/de\/wp-json\/wp\/v2\/types\/page"}],"author":[{"embeddable":true,"href":"https:\/\/residencelepleiadi.it\/de\/wp-json\/wp\/v2\/users\/1"}],"replies":[{"embeddable":true,"href":"https:\/\/residencelepleiadi.it\/de\/wp-json\/wp\/v2\/comments?post=115"}],"version-history":[{"count":2,"href":"https:\/\/residencelepleiadi.it\/de\/wp-json\/wp\/v2\/pages\/115\/revisions"}],"predecessor-version":[{"id":185,"href":"https:\/\/residencelepleiadi.it\/de\/wp-json\/wp\/v2\/pages\/115\/revisions\/185"}],"up":[{"embeddable":true,"href":"https:\/\/residencelepleiadi.it\/de\/wp-json\/wp\/v2\/pages\/113"}],"wp:featuredmedia":[{"embeddable":true,"href":"https:\/\/residencelepleiadi.it\/de\/wp-json\/wp\/v2\/media\/254"}],"wp:attachment":[{"href":"https:\/\/residencelepleiadi.it\/de\/wp-json\/wp\/v2\/media?parent=115"}],"curies":[{"name":"wp","href":"https:\/\/api.w.org\/{rel}","templated":true}]}}